{"id":1090,"date":"2024-02-27T13:44:19","date_gmt":"2024-02-27T12:44:19","guid":{"rendered":"https:\/\/romantic-boyd.31-170-100-185.plesk.page\/?page_id=1090"},"modified":"2026-01-19T13:51:14","modified_gmt":"2026-01-19T12:51:14","slug":"about-us","status":"publish","type":"page","link":"https:\/\/delaguialuzon.com\/en\/about-us\/","title":{"rendered":"About us"},"content":{"rendered":"\t\t<div data-elementor-type=\"wp-page\" data-elementor-id=\"1090\" class=\"elementor elementor-1090 elementor-246\" data-elementor-post-type=\"page\">\n\t\t\t\t<div class=\"elementor-element elementor-element-6a867b7 e-flex e-con-boxed e-con e-parent\" data-id=\"6a867b7\" data-element_type=\"container\" data-e-type=\"container\" data-settings=\"{&quot;background_background&quot;:&quot;classic&quot;}\">\n\t\t\t\t\t<div class=\"e-con-inner\">\n\t\t\t\t<div class=\"elementor-element elementor-element-47d660a elementor-widget elementor-widget-heading\" data-id=\"47d660a\" data-element_type=\"widget\" data-e-type=\"widget\" data-widget_type=\"heading.default\">\n\t\t\t\t<div class=\"elementor-widget-container\">\n\t\t\t\t\t<h1 class=\"elementor-heading-title elementor-size-default\">About us<\/h1>\t\t\t\t<\/div>\n\t\t\t\t<\/div>\n\t\t\t\t\t<\/div>\n\t\t\t\t<\/div>\n\t\t<div class=\"elementor-element elementor-element-721da82 e-flex e-con-boxed e-con e-parent\" data-id=\"721da82\" data-element_type=\"container\" data-e-type=\"container\">\n\t\t\t\t\t<div class=\"e-con-inner\">\n\t\t<div class=\"elementor-element elementor-element-807e8ae e-con-full e-flex e-con e-child\" data-id=\"807e8ae\" data-element_type=\"container\" data-e-type=\"container\">\n\t\t\t\t<div class=\"elementor-element elementor-element-e145eb4 elementor-widget elementor-widget-heading\" data-id=\"e145eb4\" data-element_type=\"widget\" data-e-type=\"widget\" data-widget_type=\"heading.default\">\n\t\t\t\t<div class=\"elementor-widget-container\">\n\t\t\t\t\t<h2 class=\"elementor-heading-title elementor-size-default\">Legal, labour and tax law firm<\/h2>\t\t\t\t<\/div>\n\t\t\t\t<\/div>\n\t\t\t\t<div class=\"elementor-element elementor-element-3b485fc elementor-widget elementor-widget-text-editor\" data-id=\"3b485fc\" data-element_type=\"widget\" data-e-type=\"widget\" data-widget_type=\"text-editor.default\">\n\t\t\t\t<div class=\"elementor-widget-container\">\n\t\t\t\t\t\t\t\t\t<p data-start=\"292\" data-end=\"780\">Delagu\u00eda y Luz\u00f3n is a multidisciplinary law firm specialising in <strong data-start=\"357\" data-end=\"386\">legal, <\/strong><a href=\"https:\/\/delaguialuzon.com\/en\/labour-solicitor-valencia-spain\/\">labour,<\/a> <strong>immigration<\/strong> and <a href=\"https:\/\/delaguialuzon.com\/en\/tax-law-and-accounting\/\">tax law<\/a>, offering tailored legal advice to individuals, entrepreneurs and companies operating in Spain and abroad. Our approach is based on providing clear, practical, and <strong>high-quality legal solutions<\/strong> adapted to each client\u2019s personal or business reality.<\/p><p data-start=\"292\" data-end=\"780\">We believe that effective legal counsel starts with a close, transparent relationship built on trust, honesty, and rigorous professional standards. As an agile and highly accessible law firm, we are able to respond quickly and efficiently to our clients\u2019 needs.<\/p><p data-start=\"782\" data-end=\"1122\">Whether dealing with <strong>employment law matters<\/strong>, <a href=\"https:\/\/delaguialuzon.com\/en\/blog\/reduce-your-tax-burden-in-spain\/\">tax planning<\/a>, <a href=\"https:\/\/delaguialuzon.com\/en\/blog\/spain-corporate-tax\/\">corporate legal advice<\/a>, or ongoing <strong>legal representation<\/strong>, our team is committed to delivering professional support with a strong focus on results and long-term security. We have extensive experience working with <strong data-start=\"1166\" data-end=\"1216\">international clients and <\/strong><a href=\"https:\/\/delaguialuzon.com\/en\/blog\/uk-spain-cross-border-legal-disputes\/\">cross-border matters<\/a>, particularly in the field of <strong data-start=\"1247\" data-end=\"1287\">international trade and business law<\/strong>.<\/p><p data-start=\"1124\" data-end=\"1634\">Our strong presence in both Spain and France allows us to assist companies and individuals with legal, tax, and labour issues affecting their activities in both jurisdictions. Delagu\u00eda y Luz\u00f3n works closely with its associated office in France, <em>Hans &amp; Associ\u00e9s<\/em>, enabling us to provide seamless legal services with local expertise in each country. In addition, the firm is officially recognised by the <strong data-start=\"1690\" data-end=\"1717\">French Embassy in Spain<\/strong>, reinforcing our position as a trusted legal partner for French nationals and international businesses requiring reliable legal advice in Spain and France. We also offer services in <strong>English<\/strong>, <strong>Spanish<\/strong>, and <strong>Russian<\/strong>.\u00a0<\/p>\t\t\t\t\t\t\t\t<\/div>\n\t\t\t\t<\/div>\n\t\t\t\t<div class=\"elementor-element elementor-element-99bb4a7 elementor-widget elementor-widget-image\" data-id=\"99bb4a7\" data-element_type=\"widget\" data-e-type=\"widget\" data-widget_type=\"image.default\">\n\t\t\t\t<div class=\"elementor-widget-container\">\n\t\t\t\t\t\t\t\t\t\t\t\t\t\t\t<img fetchpriority=\"high\" decoding=\"async\" width=\"459\" height=\"139\" src=\"https:\/\/delaguialuzon.com\/wp-content\/uploads\/2024\/02\/logos-quienes-somos.png\" class=\"attachment-large size-large wp-image-441\" alt=\"\" srcset=\"https:\/\/delaguialuzon.com\/wp-content\/uploads\/2024\/02\/logos-quienes-somos.png 459w, https:\/\/delaguialuzon.com\/wp-content\/uploads\/2024\/02\/logos-quienes-somos-300x91.png 300w\" sizes=\"(max-width: 459px) 100vw, 459px\">\t\t\t\t\t\t\t\t\t\t\t\t\t\t\t<\/div>\n\t\t\t\t<\/div>\n\t\t\t\t<\/div>\n\t\t<div class=\"elementor-element elementor-element-7ae9af2 e-flex e-con-boxed e-con e-child\" data-id=\"7ae9af2\" data-element_type=\"container\" data-e-type=\"container\" data-settings=\"{&quot;background_background&quot;:&quot;classic&quot;}\">\n\t\t\t\t\t<div class=\"e-con-inner\">\n\t\t\t\t\t<\/div>\n\t\t\t\t<\/div>\n\t\t\t\t\t<\/div>\n\t\t\t\t<\/div>\n\t\t<div class=\"elementor-element elementor-element-c064d5d e-flex e-con-boxed e-con e-parent\" data-id=\"c064d5d\" data-element_type=\"container\" data-e-type=\"container\">\n\t\t\t\t\t<div class=\"e-con-inner\">\n\t\t\t\t<div class=\"elementor-element elementor-element-2cd7255 elementor-widget elementor-widget-heading\" data-id=\"2cd7255\" data-element_type=\"widget\" data-e-type=\"widget\" data-widget_type=\"heading.default\">\n\t\t\t\t<div class=\"elementor-widget-container\">\n\t\t\t\t\t<h4 class=\"elementor-heading-title elementor-size-default\">We are honest and approachable.<\/br>\nWe are practical.<\/h4>\t\t\t\t<\/div>\n\t\t\t\t<\/div>\n\t\t<div class=\"elementor-element elementor-element-53695a2 e-flex e-con-boxed elementor-invisible e-con e-child\" data-id=\"53695a2\" data-element_type=\"container\" data-e-type=\"container\" data-settings=\"{&quot;animation&quot;:&quot;fadeInUp&quot;}\">\n\t\t\t\t\t<div class=\"e-con-inner\">\n\t\t\t\t<div class=\"elementor-element elementor-element-3b96038 elementor-widget elementor-widget-video\" data-id=\"3b96038\" data-element_type=\"widget\" data-e-type=\"widget\" data-settings=\"{&quot;youtube_url&quot;:&quot;https:\\\/\\\/youtu.be\\\/7b17-49Crq8&quot;,&quot;yt_privacy&quot;:&quot;yes&quot;,&quot;show_image_overlay&quot;:&quot;yes&quot;,&quot;image_overlay&quot;:{&quot;url&quot;:&quot;https:\\\/\\\/delaguialuzon.com\\\/wp-content\\\/uploads\\\/2024\\\/02\\\/Video01-Felix.jpg&quot;,&quot;id&quot;:444,&quot;size&quot;:&quot;&quot;,&quot;alt&quot;:&quot;&quot;,&quot;source&quot;:&quot;library&quot;},&quot;video_type&quot;:&quot;youtube&quot;}\" data-widget_type=\"video.default\">\n\t\t\t\t<div class=\"elementor-widget-container\">\n\t\t\t\t\t\t\t<div class=\"elementor-wrapper elementor-open-inline\">\n\t\t\t<div class=\"elementor-video\"><\/div>\t\t\t\t<div class=\"elementor-custom-embed-image-overlay\" style=\"background-image: url(https:\/\/delaguialuzon.com\/wp-content\/uploads\/2024\/02\/Video01-Felix.jpg);\">\n\t\t\t\t\t\t\t\t\t\t\t\t\t\t\t\t<div class=\"elementor-custom-embed-play\" role=\"button\" aria-label=\"Play Video\" tabindex=\"0\">\n\t\t\t\t\t\t\t<svg aria-hidden=\"true\" class=\"e-font-icon-svg e-eicon-play\" viewBox=\"0 0 1000 1000\" xmlns=\"http:\/\/www.w3.org\/2000\/svg\"><path d=\"M838 162C746 71 633 25 500 25 371 25 258 71 163 162 71 254 25 367 25 500 25 633 71 746 163 837 254 929 367 979 500 979 633 979 746 933 838 837 929 746 975 633 975 500 975 367 929 254 838 162M808 192C892 279 933 379 933 500 933 621 892 725 808 808 725 892 621 938 500 938 379 938 279 896 196 808 113 725 67 621 67 500 67 379 108 279 196 192 279 108 383 62 500 62 621 62 721 108 808 192M438 392V642L642 517 438 392Z\"><\/path><\/svg>\t\t\t\t\t\t<\/div>\n\t\t\t\t\t\t\t\t\t<\/div>\n\t\t\t\t\t<\/div>\n\t\t\t\t\t\t<\/div>\n\t\t\t\t<\/div>\n\t\t\t\t<div class=\"elementor-element elementor-element-25b23a9 elementor-widget elementor-widget-video\" data-id=\"25b23a9\" data-element_type=\"widget\" data-e-type=\"widget\" data-settings=\"{&quot;youtube_url&quot;:&quot;https:\\\/\\\/youtu.be\\\/mWczsPapOKI&quot;,&quot;yt_privacy&quot;:&quot;yes&quot;,&quot;show_image_overlay&quot;:&quot;yes&quot;,&quot;image_overlay&quot;:{&quot;url&quot;:&quot;https:\\\/\\\/delaguialuzon.com\\\/wp-content\\\/uploads\\\/2024\\\/02\\\/Video02-Sonia.jpg&quot;,&quot;id&quot;:447,&quot;size&quot;:&quot;&quot;,&quot;alt&quot;:&quot;&quot;,&quot;source&quot;:&quot;library&quot;},&quot;video_type&quot;:&quot;youtube&quot;}\" data-widget_type=\"video.default\">\n\t\t\t\t<div class=\"elementor-widget-container\">\n\t\t\t\t\t\t\t<div class=\"elementor-wrapper elementor-open-inline\">\n\t\t\t<div class=\"elementor-video\"><\/div>\t\t\t\t<div class=\"elementor-custom-embed-image-overlay\" style=\"background-image: url(https:\/\/delaguialuzon.com\/wp-content\/uploads\/2024\/02\/Video02-Sonia.jpg);\">\n\t\t\t\t\t\t\t\t\t\t\t\t\t\t\t\t<div class=\"elementor-custom-embed-play\" role=\"button\" aria-label=\"Play Video\" tabindex=\"0\">\n\t\t\t\t\t\t\t<svg aria-hidden=\"true\" class=\"e-font-icon-svg e-eicon-play\" viewBox=\"0 0 1000 1000\" xmlns=\"http:\/\/www.w3.org\/2000\/svg\"><path d=\"M838 162C746 71 633 25 500 25 371 25 258 71 163 162 71 254 25 367 25 500 25 633 71 746 163 837 254 929 367 979 500 979 633 979 746 933 838 837 929 746 975 633 975 500 975 367 929 254 838 162M808 192C892 279 933 379 933 500 933 621 892 725 808 808 725 892 621 938 500 938 379 938 279 896 196 808 113 725 67 621 67 500 67 379 108 279 196 192 279 108 383 62 500 62 621 62 721 108 808 192M438 392V642L642 517 438 392Z\"><\/path><\/svg>\t\t\t\t\t\t<\/div>\n\t\t\t\t\t\t\t\t\t<\/div>\n\t\t\t\t\t<\/div>\n\t\t\t\t\t\t<\/div>\n\t\t\t\t<\/div>\n\t\t\t\t\t<\/div>\n\t\t\t\t<\/div>\n\t\t\t\t\t<\/div>\n\t\t\t\t<\/div>\n\t\t\t\t<\/div>\n\t\t","protected":false},"excerpt":{"rendered":"<p>Legal, labour and tax law firm Delagu\u00eda y Luz\u00f3n is a multidisciplinary law firm specialising in legal, labour, immigration and tax law, offering tailored legal advice to individuals, entrepreneurs and companies operating in Spain and abroad. Our approach is based on providing clear, practical, and high-quality legal solutions adapted to each client\u2019s personal or business [&hellip;]<\/p>\n","protected":false},"author":2,"featured_media":9340,"parent":0,"menu_order":0,"comment_status":"closed","ping_status":"closed","template":"elementor_header_footer","meta":{"_mbp_gutenberg_autopost":false,"_joinchat":[],"footnotes":""},"class_list":["post-1090","page","type-page","status-publish","has-post-thumbnail","hentry"],"_links":{"self":[{"href":"https:\/\/delaguialuzon.com\/en\/wp-json\/wp\/v2\/pages\/1090","targetHints":{"allow":["GET"]}}],"collection":[{"href":"https:\/\/delaguialuzon.com\/en\/wp-json\/wp\/v2\/pages"}],"about":[{"href":"https:\/\/delaguialuzon.com\/en\/wp-json\/wp\/v2\/types\/page"}],"author":[{"embeddable":true,"href":"https:\/\/delaguialuzon.com\/en\/wp-json\/wp\/v2\/users\/2"}],"replies":[{"embeddable":true,"href":"https:\/\/delaguialuzon.com\/en\/wp-json\/wp\/v2\/comments?post=1090"}],"version-history":[{"count":20,"href":"https:\/\/delaguialuzon.com\/en\/wp-json\/wp\/v2\/pages\/1090\/revisions"}],"predecessor-version":[{"id":23944,"href":"https:\/\/delaguialuzon.com\/en\/wp-json\/wp\/v2\/pages\/1090\/revisions\/23944"}],"wp:featuredmedia":[{"embeddable":true,"href":"https:\/\/delaguialuzon.com\/en\/wp-json\/wp\/v2\/media\/9340"}],"wp:attachment":[{"href":"https:\/\/delaguialuzon.com\/en\/wp-json\/wp\/v2\/media?parent=1090"}],"curies":[{"name":"wp","href":"https:\/\/api.w.org\/{rel}","templated":true}]}}