{"id":17110,"date":"2025-09-04T13:13:20","date_gmt":"2025-09-04T11:13:20","guid":{"rendered":"https:\/\/delaguialuzon.com\/?page_id=17110"},"modified":"2025-11-26T10:11:33","modified_gmt":"2025-11-26T09:11:33","slug":"human-resources-consultancy","status":"publish","type":"page","link":"https:\/\/delaguialuzon.com\/en\/human-resources-consultancy\/","title":{"rendered":"Human Resources Consultancy"},"content":{"rendered":"\t\t<div data-elementor-type=\"wp-page\" data-elementor-id=\"17110\" class=\"elementor elementor-17110\" data-elementor-post-type=\"page\">\n\t\t\t\t<div class=\"elementor-element elementor-element-439adfd e-con-full e-flex e-con e-parent\" data-id=\"439adfd\" data-element_type=\"container\" data-e-type=\"container\">\n\t\t<div class=\"elementor-element elementor-element-1c354ce e-con-full e-flex e-con e-child\" data-id=\"1c354ce\" data-element_type=\"container\" data-e-type=\"container\">\n\t\t<div class=\"elementor-element elementor-element-231f56c e-con-full e-flex e-con e-child\" data-id=\"231f56c\" data-element_type=\"container\" data-e-type=\"container\" data-settings=\"{&quot;background_background&quot;:&quot;classic&quot;}\">\n\t\t\t\t<div class=\"elementor-element elementor-element-270e548 elementor-widget elementor-widget-heading\" data-id=\"270e548\" data-element_type=\"widget\" data-e-type=\"widget\" data-widget_type=\"heading.default\">\n\t\t\t\t<div class=\"elementor-widget-container\">\n\t\t\t\t\t<h1 class=\"elementor-heading-title elementor-size-default\">Human Resources Consultancy<\/h1>\t\t\t\t<\/div>\n\t\t\t\t<\/div>\n\t\t\t\t<\/div>\n\t\t<div class=\"elementor-element elementor-element-4e73e55 e-flex e-con-boxed e-con e-child\" data-id=\"4e73e55\" data-element_type=\"container\" data-e-type=\"container\">\n\t\t\t\t\t<div class=\"e-con-inner\">\n\t\t\t\t<div class=\"elementor-element elementor-element-ae4a30f elementor-widget elementor-widget-text-editor\" data-id=\"ae4a30f\" data-element_type=\"widget\" data-e-type=\"widget\" data-widget_type=\"text-editor.default\">\n\t\t\t\t<div class=\"elementor-widget-container\">\n\t\t\t\t\t\t\t\t\t<p>At <strong>Delagu\u00eda&amp;Luz\u00f3n, <\/strong>our <strong>Human Resources Consultancy <\/strong>services are designed to optimize internal processes and increase company productivity.\u00a0<\/p><p>Through our personal approach, we tackle the specific needs of each company in order to guarantee maximum success in the management of talents and personal development of your team.<\/p>\t\t\t\t\t\t\t\t<\/div>\n\t\t\t\t<\/div>\n\t\t\t\t\t<\/div>\n\t\t\t\t<\/div>\n\t\t<div class=\"elementor-element elementor-element-d06a65a e-flex e-con-boxed e-con e-child\" data-id=\"d06a65a\" data-element_type=\"container\" data-e-type=\"container\">\n\t\t\t\t\t<div class=\"e-con-inner\">\n\t\t<div class=\"elementor-element elementor-element-30d676d e-con-full e-flex e-con e-child\" data-id=\"30d676d\" data-element_type=\"container\" data-e-type=\"container\">\n\t\t\t\t<div class=\"elementor-element elementor-element-678caf0 elementor-widget elementor-widget-heading\" data-id=\"678caf0\" data-element_type=\"widget\" data-e-type=\"widget\" data-widget_type=\"heading.default\">\n\t\t\t\t<div class=\"elementor-widget-container\">\n\t\t\t\t\t<h2 class=\"elementor-heading-title elementor-size-default\">Personnel selection and recruitment<\/h2>\t\t\t\t<\/div>\n\t\t\t\t<\/div>\n\t\t\t\t<div class=\"elementor-element elementor-element-af38b7f elementor-widget__width-initial elementor-widget elementor-widget-text-editor\" data-id=\"af38b7f\" data-element_type=\"widget\" data-e-type=\"widget\" data-widget_type=\"text-editor.default\">\n\t\t\t\t<div class=\"elementor-widget-container\">\n\t\t\t\t\t\t\t\t\t<p>Our <strong data-start=\"629\" data-end=\"660\">Human Resources Consultancy<\/strong> includes a complete assessment of the company\u2019s structure and requirements, enabling efficient personnel selection aligned with organizational culture.<\/p><p>We select the <strong>most suitable candidates<\/strong> for each role and optimise their recruitment through advanced tools.<\/p>\t\t\t\t\t\t\t\t<\/div>\n\t\t\t\t<\/div>\n\t\t\t\t<\/div>\n\t\t<div class=\"elementor-element elementor-element-c534801 e-con-full e-flex e-con e-child\" data-id=\"c534801\" data-element_type=\"container\" data-e-type=\"container\">\n\t\t\t\t<div class=\"elementor-element elementor-element-14011cf elementor-widget elementor-widget-image\" data-id=\"14011cf\" data-element_type=\"widget\" data-e-type=\"widget\" data-widget_type=\"image.default\">\n\t\t\t\t<div class=\"elementor-widget-container\">\n\t\t\t\t\t\t\t\t\t\t\t\t\t\t\t<img fetchpriority=\"high\" decoding=\"async\" width=\"700\" height=\"320\" src=\"https:\/\/delaguialuzon.com\/wp-content\/uploads\/2024\/06\/seleccion-personal-e1663750241966.jpg\" class=\"attachment-full size-full wp-image-6308\" alt=\"\" srcset=\"https:\/\/delaguialuzon.com\/wp-content\/uploads\/2024\/06\/seleccion-personal-e1663750241966.jpg 700w, https:\/\/delaguialuzon.com\/wp-content\/uploads\/2024\/06\/seleccion-personal-e1663750241966-300x137.jpg 300w\" sizes=\"(max-width: 700px) 100vw, 700px\">\t\t\t\t\t\t\t\t\t\t\t\t\t\t\t<\/div>\n\t\t\t\t<\/div>\n\t\t\t\t<\/div>\n\t\t\t\t\t<\/div>\n\t\t\t\t<\/div>\n\t\t<div class=\"elementor-element elementor-element-64d0ab6 e-flex e-con-boxed e-con e-child\" data-id=\"64d0ab6\" data-element_type=\"container\" data-e-type=\"container\">\n\t\t\t\t\t<div class=\"e-con-inner\">\n\t\t<div class=\"elementor-element elementor-element-68cbe23 e-con-full e-flex e-con e-child\" data-id=\"68cbe23\" data-element_type=\"container\" data-e-type=\"container\">\n\t\t\t\t<div class=\"elementor-element elementor-element-66d492d elementor-widget elementor-widget-image\" data-id=\"66d492d\" data-element_type=\"widget\" data-e-type=\"widget\" data-widget_type=\"image.default\">\n\t\t\t\t<div class=\"elementor-widget-container\">\n\t\t\t\t\t\t\t\t\t\t\t\t\t\t\t<img decoding=\"async\" width=\"700\" height=\"304\" src=\"https:\/\/delaguialuzon.com\/wp-content\/uploads\/2024\/06\/gestion-tiempo-empleados-e1663748879652.jpg\" class=\"attachment-full size-full wp-image-6312\" alt=\"\" srcset=\"https:\/\/delaguialuzon.com\/wp-content\/uploads\/2024\/06\/gestion-tiempo-empleados-e1663748879652.jpg 700w, https:\/\/delaguialuzon.com\/wp-content\/uploads\/2024\/06\/gestion-tiempo-empleados-e1663748879652-300x130.jpg 300w\" sizes=\"(max-width: 700px) 100vw, 700px\">\t\t\t\t\t\t\t\t\t\t\t\t\t\t\t<\/div>\n\t\t\t\t<\/div>\n\t\t\t\t<\/div>\n\t\t<div class=\"elementor-element elementor-element-89d2690 e-con-full e-flex e-con e-child\" data-id=\"89d2690\" data-element_type=\"container\" data-e-type=\"container\">\n\t\t\t\t<div class=\"elementor-element elementor-element-96651cf elementor-widget elementor-widget-heading\" data-id=\"96651cf\" data-element_type=\"widget\" data-e-type=\"widget\" data-widget_type=\"heading.default\">\n\t\t\t\t<div class=\"elementor-widget-container\">\n\t\t\t\t\t<h2 class=\"elementor-heading-title elementor-size-default\">Training and development<\/h2>\t\t\t\t<\/div>\n\t\t\t\t<\/div>\n\t\t\t\t<div class=\"elementor-element elementor-element-84eb173 elementor-widget__width-initial elementor-widget elementor-widget-text-editor\" data-id=\"84eb173\" data-element_type=\"widget\" data-e-type=\"widget\" data-widget_type=\"text-editor.default\">\n\t\t\t\t<div class=\"elementor-widget-container\">\n\t\t\t\t\t\t\t\t\t<p>As part of our <strong data-start=\"999\" data-end=\"1030\">Human Resources Consultancy<\/strong>, we design training and development plans in collaboration with accredited academies. These programs, aligned with the System of Vocational Training for Employment, help employees enhance key skills while companies optimize the use of training credits. This contributes to both individual growth and overall workplace wellbeing.<\/p>\t\t\t\t\t\t\t\t<\/div>\n\t\t\t\t<\/div>\n\t\t\t\t<\/div>\n\t\t\t\t\t<\/div>\n\t\t\t\t<\/div>\n\t\t<div class=\"elementor-element elementor-element-a652b56 e-flex e-con-boxed e-con e-child\" data-id=\"a652b56\" data-element_type=\"container\" data-e-type=\"container\">\n\t\t\t\t\t<div class=\"e-con-inner\">\n\t\t<div class=\"elementor-element elementor-element-d78bb5e e-con-full e-flex e-con e-child\" data-id=\"d78bb5e\" data-element_type=\"container\" data-e-type=\"container\">\n\t\t\t\t<div class=\"elementor-element elementor-element-d3b0294 elementor-widget elementor-widget-heading\" data-id=\"d3b0294\" data-element_type=\"widget\" data-e-type=\"widget\" data-widget_type=\"heading.default\">\n\t\t\t\t<div class=\"elementor-widget-container\">\n\t\t\t\t\t<h2 class=\"elementor-heading-title elementor-size-default\">Performance evaluation and talent management<\/h2>\t\t\t\t<\/div>\n\t\t\t\t<\/div>\n\t\t\t\t<div class=\"elementor-element elementor-element-ce3c6d9 elementor-widget__width-initial elementor-widget elementor-widget-text-editor\" data-id=\"ce3c6d9\" data-element_type=\"widget\" data-e-type=\"widget\" data-widget_type=\"text-editor.default\">\n\t\t\t\t<div class=\"elementor-widget-container\">\n\t\t\t\t\t\t\t\t\t<p>We rely on a system for the <strong>performance evaluation<\/strong>, which allows us to create a detailed analysis of the abilities and productivity of your team.\u00a0<\/p><p>Through our <strong>talent management consultancy<\/strong>, we help identify areas of improvement and create action plans to <a href=\"https:\/\/delaguialuzon.com\/en\/corporate-social-management\/\">optimise HR management in your company<\/a>.<\/p>\t\t\t\t\t\t\t\t<\/div>\n\t\t\t\t<\/div>\n\t\t\t\t<\/div>\n\t\t<div class=\"elementor-element elementor-element-7e7b6cc e-con-full e-flex e-con e-child\" data-id=\"7e7b6cc\" data-element_type=\"container\" data-e-type=\"container\">\n\t\t\t\t<div class=\"elementor-element elementor-element-c9293af elementor-widget elementor-widget-image\" data-id=\"c9293af\" data-element_type=\"widget\" data-e-type=\"widget\" data-widget_type=\"image.default\">\n\t\t\t\t<div class=\"elementor-widget-container\">\n\t\t\t\t\t\t\t\t\t\t\t\t\t\t\t<img decoding=\"async\" width=\"700\" height=\"296\" src=\"https:\/\/delaguialuzon.com\/wp-content\/uploads\/2024\/06\/formacion-laboral.jpg\" class=\"attachment-large size-large wp-image-6316\" alt=\"\" srcset=\"https:\/\/delaguialuzon.com\/wp-content\/uploads\/2024\/06\/formacion-laboral.jpg 700w, https:\/\/delaguialuzon.com\/wp-content\/uploads\/2024\/06\/formacion-laboral-300x127.jpg 300w\" sizes=\"(max-width: 700px) 100vw, 700px\">\t\t\t\t\t\t\t\t\t\t\t\t\t\t\t<\/div>\n\t\t\t\t<\/div>\n\t\t\t\t<\/div>\n\t\t\t\t\t<\/div>\n\t\t\t\t<\/div>\n\t\t<div class=\"elementor-element elementor-element-e014d03 e-flex e-con-boxed e-con e-child\" data-id=\"e014d03\" data-element_type=\"container\" data-e-type=\"container\">\n\t\t\t\t\t<div class=\"e-con-inner\">\n\t\t<div class=\"elementor-element elementor-element-1a2964a e-con-full e-flex e-con e-child\" data-id=\"1a2964a\" data-element_type=\"container\" data-e-type=\"container\">\n\t\t\t\t<div class=\"elementor-element elementor-element-2946a8e elementor-widget elementor-widget-image\" data-id=\"2946a8e\" data-element_type=\"widget\" data-e-type=\"widget\" data-widget_type=\"image.default\">\n\t\t\t\t<div class=\"elementor-widget-container\">\n\t\t\t\t\t\t\t\t\t\t\t\t\t\t\t<img decoding=\"async\" width=\"700\" height=\"304\" src=\"https:\/\/delaguialuzon.com\/wp-content\/uploads\/2024\/06\/gestion-tiempo-empleados-e1663748879652.jpg\" class=\"attachment-full size-full wp-image-6312\" alt=\"\" srcset=\"https:\/\/delaguialuzon.com\/wp-content\/uploads\/2024\/06\/gestion-tiempo-empleados-e1663748879652.jpg 700w, https:\/\/delaguialuzon.com\/wp-content\/uploads\/2024\/06\/gestion-tiempo-empleados-e1663748879652-300x130.jpg 300w\" sizes=\"(max-width: 700px) 100vw, 700px\">\t\t\t\t\t\t\t\t\t\t\t\t\t\t\t<\/div>\n\t\t\t\t<\/div>\n\t\t\t\t<\/div>\n\t\t<div class=\"elementor-element elementor-element-04f52c6 e-con-full e-flex e-con e-child\" data-id=\"04f52c6\" data-element_type=\"container\" data-e-type=\"container\">\n\t\t\t\t<div class=\"elementor-element elementor-element-86e7a55 elementor-widget elementor-widget-heading\" data-id=\"86e7a55\" data-element_type=\"widget\" data-e-type=\"widget\" data-widget_type=\"heading.default\">\n\t\t\t\t<div class=\"elementor-widget-container\">\n\t\t\t\t\t<h2 class=\"elementor-heading-title elementor-size-default\">Time management and work organisation<\/h2>\t\t\t\t<\/div>\n\t\t\t\t<\/div>\n\t\t\t\t<div class=\"elementor-element elementor-element-bbcf367 elementor-widget__width-initial elementor-widget elementor-widget-text-editor\" data-id=\"bbcf367\" data-element_type=\"widget\" data-e-type=\"widget\" data-widget_type=\"text-editor.default\">\n\t\t\t\t<div class=\"elementor-widget-container\">\n\t\t\t\t\t\t\t\t\t<p>We offer advanced services of your employees&#8217; <strong>time management<\/strong>, including <strong>schedule control<\/strong> and <strong>work shift planning<\/strong>.\u00a0<\/p><p>This facilitates <strong>control over the working day, holiday management, absenteeism and the registry of overtime hours<\/strong>, all according to the existing norms. We improve efficiency and help comply with legal requirements related to working hours.<\/p>\t\t\t\t\t\t\t\t<\/div>\n\t\t\t\t<\/div>\n\t\t\t\t<\/div>\n\t\t\t\t\t<\/div>\n\t\t\t\t<\/div>\n\t\t<div class=\"elementor-element elementor-element-bf49c41 e-flex e-con-boxed e-con e-child\" data-id=\"bf49c41\" data-element_type=\"container\" data-e-type=\"container\">\n\t\t\t\t\t<div class=\"e-con-inner\">\n\t\t<div class=\"elementor-element elementor-element-00fdae6 e-con-full e-flex e-con e-child\" data-id=\"00fdae6\" data-element_type=\"container\" data-e-type=\"container\">\n\t\t\t\t<div class=\"elementor-element elementor-element-4d31701 elementor-widget elementor-widget-heading\" data-id=\"4d31701\" data-element_type=\"widget\" data-e-type=\"widget\" data-widget_type=\"heading.default\">\n\t\t\t\t<div class=\"elementor-widget-container\">\n\t\t\t\t\t<h2 class=\"elementor-heading-title elementor-size-default\">Onboarding: efficient incorporation process<\/h2>\t\t\t\t<\/div>\n\t\t\t\t<\/div>\n\t\t\t\t<div class=\"elementor-element elementor-element-dee0552 elementor-widget__width-initial elementor-widget elementor-widget-text-editor\" data-id=\"dee0552\" data-element_type=\"widget\" data-e-type=\"widget\" data-widget_type=\"text-editor.default\">\n\t\t\t\t<div class=\"elementor-widget-container\">\n\t\t\t\t\t\t\t\t\t<p data-start=\"2113\" data-end=\"2422\">Our <strong data-start=\"2117\" data-end=\"2148\">Human Resources Consultancy<\/strong> includes comprehensive onboarding plans that simplify administrative procedures during employee incorporation. From employment contracts to occupational risk prevention and data protection compliance, we create a smooth experience for new hires from their very first day.<\/p>\t\t\t\t\t\t\t\t<\/div>\n\t\t\t\t<\/div>\n\t\t\t\t<\/div>\n\t\t<div class=\"elementor-element elementor-element-7316680 e-con-full e-flex e-con e-child\" data-id=\"7316680\" data-element_type=\"container\" data-e-type=\"container\">\n\t\t\t\t<div class=\"elementor-element elementor-element-43bb691 elementor-widget elementor-widget-image\" data-id=\"43bb691\" data-element_type=\"widget\" data-e-type=\"widget\" data-widget_type=\"image.default\">\n\t\t\t\t<div class=\"elementor-widget-container\">\n\t\t\t\t\t\t\t\t\t\t\t\t\t\t\t<img loading=\"lazy\" decoding=\"async\" width=\"700\" height=\"296\" src=\"https:\/\/delaguialuzon.com\/wp-content\/uploads\/2024\/06\/onboardin-empresa.jpg\" class=\"attachment-full size-full wp-image-6320\" alt=\"\" srcset=\"https:\/\/delaguialuzon.com\/wp-content\/uploads\/2024\/06\/onboardin-empresa.jpg 700w, https:\/\/delaguialuzon.com\/wp-content\/uploads\/2024\/06\/onboardin-empresa-300x127.jpg 300w\" sizes=\"(max-width: 700px) 100vw, 700px\">\t\t\t\t\t\t\t\t\t\t\t\t\t\t\t<\/div>\n\t\t\t\t<\/div>\n\t\t\t\t<\/div>\n\t\t\t\t\t<\/div>\n\t\t\t\t<\/div>\n\t\t<div class=\"elementor-element elementor-element-b39ce44 elementor-hidden-desktop elementor-hidden-tablet elementor-hidden-mobile e-con-full e-flex e-con e-child\" data-id=\"b39ce44\" data-element_type=\"container\" data-e-type=\"container\">\n\t\t<div class=\"elementor-element elementor-element-da95436 e-con-full e-flex e-con e-child\" data-id=\"da95436\" data-element_type=\"container\" data-e-type=\"container\">\n\t\t\t\t<div class=\"elementor-element elementor-element-2aad508 elementor-widget elementor-widget-heading\" data-id=\"2aad508\" data-element_type=\"widget\" data-e-type=\"widget\" data-widget_type=\"heading.default\">\n\t\t\t\t<div class=\"elementor-widget-container\">\n\t\t\t\t\t<h2 class=\"elementor-heading-title elementor-size-default\">OTROS SERVICIOS<\/h2>\t\t\t\t<\/div>\n\t\t\t\t<\/div>\n\t\t\t\t<div class=\"elementor-element elementor-element-073679e elementor-widget elementor-widget-text-editor\" data-id=\"073679e\" data-element_type=\"widget\" data-e-type=\"widget\" data-widget_type=\"text-editor.default\">\n\t\t\t\t<div class=\"elementor-widget-container\">\n\t\t\t\t\t\t\t\t\t<ul><li>Tramitaci\u00f3n y presentaci\u00f3n ante Direcci\u00f3n Territorial de Econom\u00eda Sostenible, Sectores Productivos, Comercio y Trabajo de la apertura del trabajo.<\/li><\/ul>\t\t\t\t\t\t\t\t<\/div>\n\t\t\t\t<\/div>\n\t\t\t\t<\/div>\n\t\t\t\t<\/div>\n\t\t\t\t<\/div>\n\t\t\t\t<\/div>\n\t\t\t\t<\/div>\n\t\t","protected":false},"excerpt":{"rendered":"<p>Human Resources Consultancy services including recruitment, training, talent management, time optimization and onboarding processes to strengthen your team.<\/p>\n","protected":false},"author":20,"featured_media":17152,"parent":0,"menu_order":0,"comment_status":"closed","ping_status":"closed","template":"elementor_header_footer","meta":{"_mbp_gutenberg_autopost":false,"_joinchat":[],"footnotes":""},"class_list":["post-17110","page","type-page","status-publish","has-post-thumbnail","hentry"],"_links":{"self":[{"href":"https:\/\/delaguialuzon.com\/en\/wp-json\/wp\/v2\/pages\/17110","targetHints":{"allow":["GET"]}}],"collection":[{"href":"https:\/\/delaguialuzon.com\/en\/wp-json\/wp\/v2\/pages"}],"about":[{"href":"https:\/\/delaguialuzon.com\/en\/wp-json\/wp\/v2\/types\/page"}],"author":[{"embeddable":true,"href":"https:\/\/delaguialuzon.com\/en\/wp-json\/wp\/v2\/users\/20"}],"replies":[{"embeddable":true,"href":"https:\/\/delaguialuzon.com\/en\/wp-json\/wp\/v2\/comments?post=17110"}],"version-history":[{"count":10,"href":"https:\/\/delaguialuzon.com\/en\/wp-json\/wp\/v2\/pages\/17110\/revisions"}],"predecessor-version":[{"id":17151,"href":"https:\/\/delaguialuzon.com\/en\/wp-json\/wp\/v2\/pages\/17110\/revisions\/17151"}],"wp:featuredmedia":[{"embeddable":true,"href":"https:\/\/delaguialuzon.com\/en\/wp-json\/wp\/v2\/media\/17152"}],"wp:attachment":[{"href":"https:\/\/delaguialuzon.com\/en\/wp-json\/wp\/v2\/media?parent=17110"}],"curies":[{"name":"wp","href":"https:\/\/api.w.org\/{rel}","templated":true}]}}