{"id":1100,"date":"2024-02-27T13:44:19","date_gmt":"2024-02-27T12:44:19","guid":{"rendered":"https:\/\/romantic-boyd.31-170-100-185.plesk.page\/?page_id=1100"},"modified":"2025-01-10T14:56:44","modified_gmt":"2025-01-10T13:56:44","slug":"a-propos-de-nous","status":"publish","type":"page","link":"https:\/\/delaguialuzon.com\/fr\/cabinet-international-avocats\/","title":{"rendered":"\u00c0 propos de nous"},"content":{"rendered":"\t\t<div data-elementor-type=\"wp-page\" data-elementor-id=\"1100\" class=\"elementor elementor-1100 elementor-246\" data-elementor-post-type=\"page\">\n\t\t\t\t<div class=\"elementor-element elementor-element-6a867b7 e-flex e-con-boxed e-con e-parent\" data-id=\"6a867b7\" data-element_type=\"container\" data-e-type=\"container\" data-settings=\"{&quot;background_background&quot;:&quot;classic&quot;}\">\n\t\t\t\t\t<div class=\"e-con-inner\">\n\t\t\t\t<div class=\"elementor-element elementor-element-47d660a elementor-widget elementor-widget-heading\" data-id=\"47d660a\" data-element_type=\"widget\" data-e-type=\"widget\" data-widget_type=\"heading.default\">\n\t\t\t\t<div class=\"elementor-widget-container\">\n\t\t\t\t\t<h1 class=\"elementor-heading-title elementor-size-default\">\u00c0 propos de nous<\/h1>\t\t\t\t<\/div>\n\t\t\t\t<\/div>\n\t\t\t\t\t<\/div>\n\t\t\t\t<\/div>\n\t\t<div class=\"elementor-element elementor-element-721da82 e-flex e-con-boxed e-con e-parent\" data-id=\"721da82\" data-element_type=\"container\" data-e-type=\"container\">\n\t\t\t\t\t<div class=\"e-con-inner\">\n\t\t<div class=\"elementor-element elementor-element-807e8ae e-con-full e-flex e-con e-child\" data-id=\"807e8ae\" data-element_type=\"container\" data-e-type=\"container\">\n\t\t\t\t<div class=\"elementor-element elementor-element-e145eb4 elementor-widget elementor-widget-heading\" data-id=\"e145eb4\" data-element_type=\"widget\" data-e-type=\"widget\" data-widget_type=\"heading.default\">\n\t\t\t\t<div class=\"elementor-widget-container\">\n\t\t\t\t\t<h2 class=\"elementor-heading-title elementor-size-default\">Cabinet international d'avocats et d'experts-comptables<\/h2>\t\t\t\t<\/div>\n\t\t\t\t<\/div>\n\t\t\t\t<div class=\"elementor-element elementor-element-3b485fc elementor-widget elementor-widget-text-editor\" data-id=\"3b485fc\" data-element_type=\"widget\" data-e-type=\"widget\" data-widget_type=\"text-editor.default\">\n\t\t\t\t<div class=\"elementor-widget-container\">\n\t\t\t\t\t\t\t\t\t<p>Dans notre engagement chez Delaguia&amp;Luzon, nous visons \u00e0 offrir un service de qualit\u00e9 sup\u00e9rieure, r\u00e9pondant aux besoins de nos clients avec proximit\u00e9. Nous avons appris de notre exp\u00e9rience l&rsquo;importance d&rsquo;ajuster nos services selon les besoins sp\u00e9cifiques de nos clients. L\u2019honn\u00eatet\u00e9 et la rigueur dans le travail sont des valeurs que nous appliquons dans tout ce que nous accomplissons. Nous sommes un bureau dynamique et disposons d&rsquo;une grande disponibilit\u00e9, ce qui nous permet de fournir une r\u00e9ponse rapide et professionnelle.<\/p>\n<p>Notre expertise sur les march\u00e9s internationaux, notamment sur le march\u00e9 fran\u00e7ais, nous permet de conseiller un large \u00e9ventail d&rsquo;entreprises et de particuliers faisant appel \u00e0 nos services. Nous sommes \u00e0 disposition des entreprises et des particuliers en Espagne et en France, offrant nos services dans ces deux pays. Gr\u00e2ce \u00e0 notre bureau associ\u00e9 en France, Hans &amp; Associ\u00e9s, Delaguia&amp;Luzon offre un service de proximit\u00e9 et de qualit\u00e9 dans cette r\u00e9gion. Nous sommes \u00e9galement reconnus par l\u2019Ambassade de France en Espagne.<\/p>\n\t\t\t\t\t\t\t\t<\/div>\n\t\t\t\t<\/div>\n\t\t\t\t<div class=\"elementor-element elementor-element-99bb4a7 elementor-widget elementor-widget-image\" data-id=\"99bb4a7\" data-element_type=\"widget\" data-e-type=\"widget\" data-widget_type=\"image.default\">\n\t\t\t\t<div class=\"elementor-widget-container\">\n\t\t\t\t\t\t\t\t\t\t\t\t\t\t\t<img fetchpriority=\"high\" decoding=\"async\" width=\"459\" height=\"139\" src=\"https:\/\/delaguialuzon.com\/wp-content\/uploads\/2024\/02\/logos-quienes-somos.png\" class=\"attachment-large size-large wp-image-442\" alt=\"\" srcset=\"https:\/\/delaguialuzon.com\/wp-content\/uploads\/2024\/02\/logos-quienes-somos.png 459w, https:\/\/delaguialuzon.com\/wp-content\/uploads\/2024\/02\/logos-quienes-somos-300x91.png 300w\" sizes=\"(max-width: 459px) 100vw, 459px\">\t\t\t\t\t\t\t\t\t\t\t\t\t\t\t<\/div>\n\t\t\t\t<\/div>\n\t\t\t\t<\/div>\n\t\t<div class=\"elementor-element elementor-element-7ae9af2 e-flex e-con-boxed e-con e-child\" data-id=\"7ae9af2\" data-element_type=\"container\" data-e-type=\"container\" data-settings=\"{&quot;background_background&quot;:&quot;classic&quot;}\">\n\t\t\t\t\t<div class=\"e-con-inner\">\n\t\t\t\t\t<\/div>\n\t\t\t\t<\/div>\n\t\t\t\t\t<\/div>\n\t\t\t\t<\/div>\n\t\t<div class=\"elementor-element elementor-element-c064d5d e-flex e-con-boxed e-con e-parent\" data-id=\"c064d5d\" data-element_type=\"container\" data-e-type=\"container\">\n\t\t\t\t\t<div class=\"e-con-inner\">\n\t\t\t\t<div class=\"elementor-element elementor-element-2cd7255 elementor-widget elementor-widget-heading\" data-id=\"2cd7255\" data-element_type=\"widget\" data-e-type=\"widget\" data-widget_type=\"heading.default\">\n\t\t\t\t<div class=\"elementor-widget-container\">\n\t\t\t\t\t<h4 class=\"elementor-heading-title elementor-size-default\">Nous sommes honn\u00eates et accessibles.<\/br>\nNous sommes pratiques.<\/h4>\t\t\t\t<\/div>\n\t\t\t\t<\/div>\n\t\t<div class=\"elementor-element elementor-element-53695a2 e-flex e-con-boxed elementor-invisible e-con e-child\" data-id=\"53695a2\" data-element_type=\"container\" data-e-type=\"container\" data-settings=\"{&quot;animation&quot;:&quot;fadeInUp&quot;}\">\n\t\t\t\t\t<div class=\"e-con-inner\">\n\t\t\t\t<div class=\"elementor-element elementor-element-3b96038 elementor-widget elementor-widget-video\" data-id=\"3b96038\" data-element_type=\"widget\" data-e-type=\"widget\" data-settings=\"{&quot;youtube_url&quot;:&quot;https:\\\/\\\/youtu.be\\\/7b17-49Crq8&quot;,&quot;yt_privacy&quot;:&quot;yes&quot;,&quot;show_image_overlay&quot;:&quot;yes&quot;,&quot;image_overlay&quot;:{&quot;url&quot;:&quot;https:\\\/\\\/delaguialuzon.com\\\/wp-content\\\/uploads\\\/2024\\\/02\\\/Video01-Felix.jpg&quot;,&quot;id&quot;:255,&quot;size&quot;:&quot;&quot;,&quot;alt&quot;:&quot;&quot;,&quot;source&quot;:&quot;library&quot;},&quot;video_type&quot;:&quot;youtube&quot;}\" data-widget_type=\"video.default\">\n\t\t\t\t<div class=\"elementor-widget-container\">\n\t\t\t\t\t\t\t<div class=\"elementor-wrapper elementor-open-inline\">\n\t\t\t<div class=\"elementor-video\"><\/div>\t\t\t\t<div class=\"elementor-custom-embed-image-overlay\" style=\"background-image: url(https:\/\/delaguialuzon.com\/wp-content\/uploads\/2024\/02\/Video01-Felix.jpg);\">\n\t\t\t\t\t\t\t\t\t\t\t\t\t\t\t\t<div class=\"elementor-custom-embed-play\" role=\"button\" aria-label=\"Lire la vid\u00e9o\" tabindex=\"0\">\n\t\t\t\t\t\t\t<svg aria-hidden=\"true\" class=\"e-font-icon-svg e-eicon-play\" viewBox=\"0 0 1000 1000\" xmlns=\"http:\/\/www.w3.org\/2000\/svg\"><path d=\"M838 162C746 71 633 25 500 25 371 25 258 71 163 162 71 254 25 367 25 500 25 633 71 746 163 837 254 929 367 979 500 979 633 979 746 933 838 837 929 746 975 633 975 500 975 367 929 254 838 162M808 192C892 279 933 379 933 500 933 621 892 725 808 808 725 892 621 938 500 938 379 938 279 896 196 808 113 725 67 621 67 500 67 379 108 279 196 192 279 108 383 62 500 62 621 62 721 108 808 192M438 392V642L642 517 438 392Z\"><\/path><\/svg>\t\t\t\t\t\t<\/div>\n\t\t\t\t\t\t\t\t\t<\/div>\n\t\t\t\t\t<\/div>\n\t\t\t\t\t\t<\/div>\n\t\t\t\t<\/div>\n\t\t\t\t<div class=\"elementor-element elementor-element-25b23a9 elementor-widget elementor-widget-video\" data-id=\"25b23a9\" data-element_type=\"widget\" data-e-type=\"widget\" data-settings=\"{&quot;youtube_url&quot;:&quot;https:\\\/\\\/youtu.be\\\/mWczsPapOKI&quot;,&quot;yt_privacy&quot;:&quot;yes&quot;,&quot;show_image_overlay&quot;:&quot;yes&quot;,&quot;image_overlay&quot;:{&quot;url&quot;:&quot;https:\\\/\\\/delaguialuzon.com\\\/wp-content\\\/uploads\\\/2024\\\/02\\\/Video02-Sonia.jpg&quot;,&quot;id&quot;:256,&quot;size&quot;:&quot;&quot;,&quot;alt&quot;:&quot;&quot;,&quot;source&quot;:&quot;library&quot;},&quot;video_type&quot;:&quot;youtube&quot;}\" data-widget_type=\"video.default\">\n\t\t\t\t<div class=\"elementor-widget-container\">\n\t\t\t\t\t\t\t<div class=\"elementor-wrapper elementor-open-inline\">\n\t\t\t<div class=\"elementor-video\"><\/div>\t\t\t\t<div class=\"elementor-custom-embed-image-overlay\" style=\"background-image: url(https:\/\/delaguialuzon.com\/wp-content\/uploads\/2024\/02\/Video02-Sonia.jpg);\">\n\t\t\t\t\t\t\t\t\t\t\t\t\t\t\t\t<div class=\"elementor-custom-embed-play\" role=\"button\" aria-label=\"Lire la vid\u00e9o\" tabindex=\"0\">\n\t\t\t\t\t\t\t<svg aria-hidden=\"true\" class=\"e-font-icon-svg e-eicon-play\" viewBox=\"0 0 1000 1000\" xmlns=\"http:\/\/www.w3.org\/2000\/svg\"><path d=\"M838 162C746 71 633 25 500 25 371 25 258 71 163 162 71 254 25 367 25 500 25 633 71 746 163 837 254 929 367 979 500 979 633 979 746 933 838 837 929 746 975 633 975 500 975 367 929 254 838 162M808 192C892 279 933 379 933 500 933 621 892 725 808 808 725 892 621 938 500 938 379 938 279 896 196 808 113 725 67 621 67 500 67 379 108 279 196 192 279 108 383 62 500 62 621 62 721 108 808 192M438 392V642L642 517 438 392Z\"><\/path><\/svg>\t\t\t\t\t\t<\/div>\n\t\t\t\t\t\t\t\t\t<\/div>\n\t\t\t\t\t<\/div>\n\t\t\t\t\t\t<\/div>\n\t\t\t\t<\/div>\n\t\t\t\t\t<\/div>\n\t\t\t\t<\/div>\n\t\t\t\t\t<\/div>\n\t\t\t\t<\/div>\n\t\t\t\t<\/div>\n\t\t","protected":false},"excerpt":{"rendered":"<p>Cabinet international d&rsquo;avocats et d&rsquo;experts-comptables Dans notre engagement chez Delaguia&amp;Luzon, nous visons \u00e0 offrir un service de qualit\u00e9 sup\u00e9rieure, r\u00e9pondant aux besoins de nos clients avec proximit\u00e9. Nous avons appris de notre exp\u00e9rience l&rsquo;importance d&rsquo;ajuster nos services selon les besoins sp\u00e9cifiques de nos clients. L\u2019honn\u00eatet\u00e9 et la rigueur dans le travail sont des valeurs que [&hellip;]<\/p>\n","protected":false},"author":2,"featured_media":3944,"parent":0,"menu_order":0,"comment_status":"closed","ping_status":"closed","template":"elementor_header_footer","meta":{"_mbp_gutenberg_autopost":false,"_joinchat":[],"footnotes":""},"class_list":["post-1100","page","type-page","status-publish","has-post-thumbnail","hentry"],"_links":{"self":[{"href":"https:\/\/delaguialuzon.com\/fr\/wp-json\/wp\/v2\/pages\/1100","targetHints":{"allow":["GET"]}}],"collection":[{"href":"https:\/\/delaguialuzon.com\/fr\/wp-json\/wp\/v2\/pages"}],"about":[{"href":"https:\/\/delaguialuzon.com\/fr\/wp-json\/wp\/v2\/types\/page"}],"author":[{"embeddable":true,"href":"https:\/\/delaguialuzon.com\/fr\/wp-json\/wp\/v2\/users\/2"}],"replies":[{"embeddable":true,"href":"https:\/\/delaguialuzon.com\/fr\/wp-json\/wp\/v2\/comments?post=1100"}],"version-history":[{"count":43,"href":"https:\/\/delaguialuzon.com\/fr\/wp-json\/wp\/v2\/pages\/1100\/revisions"}],"predecessor-version":[{"id":12299,"href":"https:\/\/delaguialuzon.com\/fr\/wp-json\/wp\/v2\/pages\/1100\/revisions\/12299"}],"wp:featuredmedia":[{"embeddable":true,"href":"https:\/\/delaguialuzon.com\/fr\/wp-json\/wp\/v2\/media\/3944"}],"wp:attachment":[{"href":"https:\/\/delaguialuzon.com\/fr\/wp-json\/wp\/v2\/media?parent=1100"}],"curies":[{"name":"wp","href":"https:\/\/api.w.org\/{rel}","templated":true}]}}