{"id":1656,"date":"2024-02-21T13:35:03","date_gmt":"2024-02-21T12:35:03","guid":{"rendered":"https:\/\/romantic-boyd.31-170-100-185.plesk.page\/?page_id=1656"},"modified":"2025-01-10T16:10:11","modified_gmt":"2025-01-10T15:10:11","slug":"politique-de-confidentialite-2","status":"publish","type":"page","link":"https:\/\/delaguialuzon.com\/fr\/politique-de-confidentialite\/","title":{"rendered":"Politique de confidentialit\u00e9"},"content":{"rendered":"\t\t<div data-elementor-type=\"wp-page\" data-elementor-id=\"1656\" class=\"elementor elementor-1656 elementor-3\" data-elementor-post-type=\"page\">\n\t\t\t\t<div class=\"elementor-element elementor-element-69e8b7b6 e-flex e-con-boxed e-con e-parent\" data-id=\"69e8b7b6\" data-element_type=\"container\" data-e-type=\"container\" data-settings=\"{&quot;background_background&quot;:&quot;classic&quot;}\">\n\t\t\t\t\t<div class=\"e-con-inner\">\n\t\t\t\t<div class=\"elementor-element elementor-element-629c99f elementor-widget elementor-widget-heading\" data-id=\"629c99f\" data-element_type=\"widget\" data-e-type=\"widget\" data-widget_type=\"heading.default\">\n\t\t\t\t<div class=\"elementor-widget-container\">\n\t\t\t\t\t<h1 class=\"elementor-heading-title elementor-size-default\">Politique de confidentialit\u00e9<\/h1>\t\t\t\t<\/div>\n\t\t\t\t<\/div>\n\t\t\t\t\t<\/div>\n\t\t\t\t<\/div>\n\t\t<div class=\"elementor-element elementor-element-03726cc e-flex e-con-boxed e-con e-parent\" data-id=\"03726cc\" data-element_type=\"container\" data-e-type=\"container\">\n\t\t\t\t\t<div class=\"e-con-inner\">\n\t\t\t\t<div class=\"elementor-element elementor-element-2b3b4ec elementor-widget elementor-widget-text-editor\" data-id=\"2b3b4ec\" data-element_type=\"widget\" data-e-type=\"widget\" data-widget_type=\"text-editor.default\">\n\t\t\t\t<div class=\"elementor-widget-container\">\n\t\t\t\t\t\t\t\t\t<h2 class=\"page-title\">Politique de confidentialit\u00e9<\/h2>\nChez DELAGUIA-LUZ\u00d3N ABOGADOS Y ASESORES TRIBUTARIOS, S.L.P. la confidentialit\u00e9 et la transparence sont primordiales.\n\nVous trouverez ci-dessous les d\u00e9tails concernant le traitement de donn\u00e9es \u00e0 caract\u00e8re personnel que nous r\u00e9alisons, ainsi que toutes les informations relatives \u00e0 ces donn\u00e9es.\n\n<strong>Traitement des donn\u00e9es des clients<\/strong>\n<figure class=\"wp-block-table\">\n<table>\n<tbody>\n<tr>\n<td><strong>Information de base concernant la Protection de donn\u00e9es<\/strong><\/td>\n<\/tr>\n<tr>\n<td><strong>Responsable:<\/strong><\/td>\n<td>DELAGUIA-LUZ\u00d3N ABOGADOS Y ASESORES TRIBUTARIOS, S.L.P.<\/td>\n<\/tr>\n<tr>\n<td><strong>Finalit\u00e9:<\/strong><\/td>\n<td>Ex\u00e9cuter les services demand\u00e9s et envoyer des communications commerciales.<\/td>\n<\/tr>\n<tr>\n<td><strong>L\u00e9gitimation:<\/strong><\/td>\n<td>Ex\u00e9cution d\u2019un contrat. Int\u00e9r\u00eats l\u00e9gitimes du Responsable.<\/td>\n<\/tr>\n<tr>\n<td><strong>Destinataires:<\/strong><\/td>\n<td>\n<table>\n<tbody>\n<tr>\n<td>Des cessions de donn\u00e9es sont pr\u00e9vues \u00e0 : Administration tributaire ; Cabinet de consultation de protection des donn\u00e9es ; Entit\u00e9s financi\u00e8res.<\/td>\n<\/tr>\n<\/tbody>\n<\/table>\n<\/td>\n<\/tr>\n<tr>\n<td><strong>Droits:<\/strong><\/td>\n<td>L\u2019utilisateur a le droit d\u2019acc\u00e9der, de rectifier et de supprimer les donn\u00e9es, ainsi que d\u2019autres droits indiqu\u00e9s comme information additionnelle, qu\u2019il peut exercer en se dirigeant vers admin@delaguialuzon.com ou AVD. REINO DE VALENCIA, 6 PTA 2 46005-VALENCIA.<\/td>\n<\/tr>\n<tr>\n<td><strong>Provenance:<\/strong><\/td>\n<td>Le propre int\u00e9ress\u00e9.<\/td>\n<\/tr>\n<\/tbody>\n<\/table>\n<\/figure>\n<strong>Information de base concernant la Protection de donn\u00e9es<\/strong>\n\n<strong>1. Qui est responsable du traitement de vos donn\u00e9es?<\/strong>\n\nDELAGUIA-LUZ\u00d3N ABOGADOS Y ASESORES TRIBUTARIOS, S.L.P..\n\nB98721947. AVD. REINO DE VALENCIA, 6 PTA 2 \u2013 46005 \u2013 VALENCIA. 963523291\/\/963741657. admin@delaguialuzon.com.\n\n<strong>2. Dans quel but traitons-nous vos donn\u00e9es personnelles?<\/strong>\n\nChez DELAGUIA-LUZ\u00d3N ABOGADOS Y ASESORES TRIBUTARIOS, S.L.P. nous traitons l\u2019information que nous fournissent les personnes int\u00e9ress\u00e9es dans le but de mener \u00e0 bien la gestion administrative, comptable et fiscale des services demand\u00e9s, ainsi que pour envoyer des communications publicitaires \u00e0 propos de nos produits et services. Dans le cas o\u00f9 vous ne nous fourniriez pas vos donn\u00e9es personnelles, nous ne pourrions pas mener \u00e0 bien les fonctionnalit\u00e9s d\u00e9crites ci-dessus.\n\nDes d\u00e9cisions automatis\u00e9es se basant sur les donn\u00e9es fournies ne seront pas prises.\n\n<strong>3. Combien de temps conservons-nous vos donn\u00e9es?<\/strong>\n\nDes d\u00e9cisions automatis\u00e9es se basant sur les donn\u00e9es fournies ne seront pas prises.\n\n<strong>4. Quelle est la loi concernant le traitement de vos donn\u00e9es?<\/strong>\n\nNous vous indiquons la base l\u00e9gale pour le traitement de vos donn\u00e9es:\n<ul>\n \t<li>Ex\u00e9cution d\u2019un contrat : Gestion fiscale, comptable et administrative des clients. (RGPD art. 6.1.b).<\/li>\n<\/ul>\n<ul>\n \t<li>Int\u00e9r\u00eat l\u00e9gitime du Responsable : Envoi de communications commerciales y compris par voie \u00e9lectronique. (RGPD Consid\u00e9rant 47, LSSICE art. 21.2).<\/li>\n<\/ul>\n<strong>5. \u00c0 quels destinataires sont communiqu\u00e9es vos donn\u00e9es?<\/strong>\n\nLes donn\u00e9es sont communiqu\u00e9es aux destinataires suivants:\n<ul>\n \t<li>\u00c0 l\u2019Administration tributaire, dans le but de respecter les obligations l\u00e9gales (obligation l\u00e9gale).<\/li>\n<\/ul>\n<ul>\n \t<li>Aux consultants en protection de donn\u00e9es, dans le but de g\u00e9rer la protection des donn\u00e9es.<\/li>\n<\/ul>\n<ul>\n \t<li>Aux entit\u00e9s financi\u00e8res, dans le but d\u2019\u00e9tablir les re\u00e7us correspondants (obligation contractuelle).<\/li>\n<\/ul>\n<strong>6. Transfert de donn\u00e9es vers d\u2019autres pays<\/strong>\n\nLes transferts de donn\u00e9es vers d\u2019autres pays ne sont pas pr\u00e9vus.\n\n<strong>7. Quels sont vos droits lorsque vous nous fournissez vos donn\u00e9es?<\/strong>\n\nQuiconque est en droit de savoir si chez DELAGUIA- LUZ\u00d3N ABOGADOS Y ASESORES TRIBUTARIOS, S.L.P. nous traitons, ou non, des donn\u00e9es \u00e0 caract\u00e8re personnel les concernant.\n\nLes personnes int\u00e9ress\u00e9es ont le droit d\u2019acc\u00e9der \u00e0 leurs donn\u00e9es personnelles, ainsi que de solliciter la rectification des donn\u00e9es inexactes ou, le cas \u00e9ch\u00e9ant, solliciter leur suppression lorsque, entre autres raisons, les donn\u00e9es ne sont plus n\u00e9cessaires aux fins pour lesquelles elles ont \u00e9t\u00e9 collect\u00e9es. Elles poss\u00e8dent \u00e9galement des droits concernant la transf\u00e9rabilit\u00e9 de leurs donn\u00e9es.\n\nDans des circonstances d\u00e9termin\u00e9es, les int\u00e9ress\u00e9s peuvent solliciter la restriction du traitement de leurs donn\u00e9es, et dans ce cas pr\u00e9cis, nous les conserverons uniquement pour l\u2019exercice ou la d\u00e9fense de r\u00e9clamations.\n\nDans des circonstances d\u00e9termin\u00e9es et \u00e0 des fins en lien avec leur situation particuli\u00e8re, les int\u00e9ress\u00e9s peuvent s\u2019opposer au traitement de leurs donn\u00e9es. Dans ce cas, DELAGUIA- LUZ\u00d3N ABOGADOS Y ASESORES TRIBUTARIOS, S.L.P. cessera de traiter les donn\u00e9es, except\u00e9 pour des motifs l\u00e9gitimes imp\u00e9rieux, ou dans l\u2019exercice ou la d\u00e9fense de possibles r\u00e9clamations.\n\nL\u2019utilisateur peut exercer mat\u00e9riellement ses droits de la forme suivante : en s\u2019adressant \u00e0 admin@delaguialuzon.com ou AVD. REINO DE VALENCIA, 6 PTA 2 46005- VALENCIA.\n\nLors de l\u2019envoi de communications commerciales ayant pour base juridique l\u2019int\u00e9r\u00eat l\u00e9gitime du responsable, l\u2019int\u00e9ress\u00e9 peut s\u2019opposer au traitement de ses donn\u00e9es dans ce but.\n\nS\u2019il a donn\u00e9 son consentement pour toute fin concr\u00e8te, il est en droit de le retirer \u00e0 tout moment, sans que cela affecte la lic\u00e9it\u00e9 du traitement bas\u00e9 sur le consentement donn\u00e9 au pr\u00e9alable.\n\nDans le cas o\u00f9 l\u2019int\u00e9ress\u00e9 pense que ses droits concernant la protection de ses donn\u00e9es \u00e0 caract\u00e8re personnel sont en danger, et particuli\u00e8rement s\u2019il n\u2019est pas satisfait de l\u2019exercice de ses droits, il peut exposer une r\u00e9clamation devant l\u2019Autorit\u00e9 de Contr\u00f4le en mati\u00e8re de Protection de Donn\u00e9es sur ce site web : www.aepd.es.\n\n<strong>8. Comment avons-nous obtenu vos donn\u00e9es?<\/strong>\n\nLes donn\u00e9es \u00e0 caract\u00e8re personnel que nous traitons chez DELAGUIA-LUZ\u00d3N ABOGADOS Y ASESORES TRIBUTARIOS, S.L.P. proviennent de : Le propre Int\u00e9ress\u00e9.\n\nLes cat\u00e9gories de donn\u00e9es que nous traitons sont:\n<ul>\n \t<li>Les donn\u00e9es d\u2019identification.<\/li>\n \t<li>Les adresses postales et \u00e9lectroniques.<\/li>\n \t<li>Les informations commerciales.<\/li>\n<\/ul>\n<strong>Traitement des donn\u00e9es des clients potentiels et des contacts<\/strong>\n<figure class=\"wp-block-table\">\n<table>\n<tbody>\n<tr>\n<td><strong>Information de base concernant la Protection de donn\u00e9es<\/strong><\/td>\n<\/tr>\n<tr>\n<td><strong>Responsable:<\/strong><\/td>\n<td>DELAGUIA-LUZ\u00d3N ABOGADOS Y ASESORES TRIBUTARIOS, S.L.P.<\/td>\n<\/tr>\n<tr>\n<td><strong>Finalit\u00e9:<\/strong><\/td>\n<td>Recevoir leur sollicitude et leur envoyer des communications commerciales.<\/td>\n<\/tr>\n<tr>\n<td><strong>L\u00e9gitimation:<\/strong><\/td>\n<td>Ex\u00e9cution d\u2019un contrat. Consentement de l\u2019int\u00e9ress\u00e9. Int\u00e9r\u00eats l\u00e9gitimes du Responsable.<\/td>\n<\/tr>\n<tr>\n<td><strong>Destinataires:<\/strong><\/td>\n<td>Sont pr\u00e9vues des cessions de donn\u00e9es aux : Consultants de protection de donn\u00e9es, Fournisseurs web.<\/td>\n<\/tr>\n<tr>\n<td><strong>Droits:<\/strong><\/td>\n<td>L\u2019int\u00e9ress\u00e9 a le droit de rectifier, de supprimer et d\u2019acc\u00e9der \u00e0 ses donn\u00e9es, et a \u00e9galement d\u2019autres droits, indiqu\u00e9s dans les informations additionnelles, et il peut les exercer en contactant admin@delaguiluzon.com ou AVD. REINO DE VALENCIA, 6 PTA 2 46005-VALENCIA.<\/td>\n<\/tr>\n<tr>\n<td><strong>Provenance:<\/strong><\/td>\n<td>Le propre int\u00e9ress\u00e9.<\/td>\n<\/tr>\n<\/tbody>\n<\/table>\n<\/figure>\t\t\t\t\t\t\t\t<\/div>\n\t\t\t\t<\/div>\n\t\t\t\t\t<\/div>\n\t\t\t\t<\/div>\n\t\t\t\t<\/div>\n\t\t","protected":false},"excerpt":{"rendered":"<p>Politique de confidentialit\u00e9 Chez DELAGUIA-LUZ\u00d3N ABOGADOS Y ASESORES TRIBUTARIOS, S.L.P. la confidentialit\u00e9 et la transparence sont primordiales. Vous trouverez ci-dessous les d\u00e9tails concernant le traitement de donn\u00e9es \u00e0 caract\u00e8re personnel que nous r\u00e9alisons, ainsi que toutes les informations relatives \u00e0 ces donn\u00e9es. Traitement des donn\u00e9es des clients Information de base concernant la Protection de donn\u00e9es [&hellip;]<\/p>\n","protected":false},"author":2,"featured_media":0,"parent":0,"menu_order":0,"comment_status":"closed","ping_status":"open","template":"elementor_header_footer","meta":{"_mbp_gutenberg_autopost":false,"_joinchat":[],"footnotes":""},"class_list":["post-1656","page","type-page","status-publish","hentry"],"_links":{"self":[{"href":"https:\/\/delaguialuzon.com\/fr\/wp-json\/wp\/v2\/pages\/1656","targetHints":{"allow":["GET"]}}],"collection":[{"href":"https:\/\/delaguialuzon.com\/fr\/wp-json\/wp\/v2\/pages"}],"about":[{"href":"https:\/\/delaguialuzon.com\/fr\/wp-json\/wp\/v2\/types\/page"}],"author":[{"embeddable":true,"href":"https:\/\/delaguialuzon.com\/fr\/wp-json\/wp\/v2\/users\/2"}],"replies":[{"embeddable":true,"href":"https:\/\/delaguialuzon.com\/fr\/wp-json\/wp\/v2\/comments?post=1656"}],"version-history":[{"count":13,"href":"https:\/\/delaguialuzon.com\/fr\/wp-json\/wp\/v2\/pages\/1656\/revisions"}],"predecessor-version":[{"id":12385,"href":"https:\/\/delaguialuzon.com\/fr\/wp-json\/wp\/v2\/pages\/1656\/revisions\/12385"}],"wp:attachment":[{"href":"https:\/\/delaguialuzon.com\/fr\/wp-json\/wp\/v2\/media?parent=1656"}],"curies":[{"name":"wp","href":"https:\/\/api.w.org\/{rel}","templated":true}]}}