{"id":16795,"date":"2025-08-28T10:48:00","date_gmt":"2025-08-28T08:48:00","guid":{"rendered":"https:\/\/delaguialuzon.com\/?page_id=16795"},"modified":"2025-08-29T12:16:34","modified_gmt":"2025-08-29T10:16:34","slug":"cdrc-2025-fr","status":"publish","type":"page","link":"https:\/\/delaguialuzon.com\/fr\/cdrc-2025-fr\/","title":{"rendered":"CDRC \u2013 Paris 2025"},"content":{"rendered":"\t\t<div data-elementor-type=\"wp-page\" data-elementor-id=\"16795\" class=\"elementor elementor-16795\" data-elementor-post-type=\"page\">\n\t\t\t\t<div class=\"elementor-element elementor-element-6a867b7 e-flex e-con-boxed e-con e-parent\" data-id=\"6a867b7\" data-element_type=\"container\" data-e-type=\"container\" data-settings=\"{&quot;background_background&quot;:&quot;classic&quot;}\">\n\t\t\t\t\t<div class=\"e-con-inner\">\n\t\t\t\t<div class=\"elementor-element elementor-element-47d660a elementor-widget elementor-widget-heading\" data-id=\"47d660a\" data-element_type=\"widget\" data-e-type=\"widget\" data-widget_type=\"heading.default\">\n\t\t\t\t<div class=\"elementor-widget-container\">\n\t\t\t\t\t<h1 class=\"elementor-heading-title elementor-size-default\">CDRC \u2013 Paris 2025<\/h1>\t\t\t\t<\/div>\n\t\t\t\t<\/div>\n\t\t\t\t\t<\/div>\n\t\t\t\t<\/div>\n\t\t<div class=\"elementor-element elementor-element-721da82 e-con-full e-flex e-con e-parent\" data-id=\"721da82\" data-element_type=\"container\" data-e-type=\"container\">\n\t\t<div class=\"elementor-element elementor-element-8c3232e e-con-full e-flex e-con e-child\" data-id=\"8c3232e\" data-element_type=\"container\" data-e-type=\"container\">\n\t\t\t\t<div class=\"elementor-element elementor-element-7411402 elementor-widget elementor-widget-image\" data-id=\"7411402\" data-element_type=\"widget\" data-e-type=\"widget\" data-widget_type=\"image.default\">\n\t\t\t\t<div class=\"elementor-widget-container\">\n\t\t\t\t\t\t\t\t\t\t\t\t\t\t\t\t<a href=\"https:\/\/www.cdrc.paris\/\" target=\"_blank\" rel=\"nofollow noopener\">\n\t\t\t\t\t\t\t<img fetchpriority=\"high\" decoding=\"async\" width=\"728\" height=\"90\" src=\"https:\/\/delaguialuzon.com\/wp-content\/uploads\/2025\/07\/banniere-728x90-1.png\" class=\"attachment-large size-large wp-image-16474\" alt=\"\" srcset=\"https:\/\/delaguialuzon.com\/wp-content\/uploads\/2025\/07\/banniere-728x90-1.png 728w, https:\/\/delaguialuzon.com\/wp-content\/uploads\/2025\/07\/banniere-728x90-1-300x37.png 300w\" sizes=\"(max-width: 728px) 100vw, 728px\">\t\t\t\t\t\t\t\t<\/a>\n\t\t\t\t\t\t\t\t\t\t\t\t\t\t\t<\/div>\n\t\t\t\t<\/div>\n\t\t\t\t<div class=\"elementor-element elementor-element-a40c9af elementor-widget-divider--view-line elementor-widget elementor-widget-divider\" data-id=\"a40c9af\" data-element_type=\"widget\" data-e-type=\"widget\" data-widget_type=\"divider.default\">\n\t\t\t\t<div class=\"elementor-widget-container\">\n\t\t\t\t\t\t\t<div class=\"elementor-divider\">\n\t\t\t<span class=\"elementor-divider-separator\">\n\t\t\t\t\t\t<\/span>\n\t\t<\/div>\n\t\t\t\t\t\t<\/div>\n\t\t\t\t<\/div>\n\t\t\t\t<div class=\"elementor-element elementor-element-e48d46d elementor-widget elementor-widget-heading\" data-id=\"e48d46d\" data-element_type=\"widget\" data-e-type=\"widget\" data-widget_type=\"heading.default\">\n\t\t\t\t<div class=\"elementor-widget-container\">\n\t\t\t\t\t<h2 class=\"elementor-heading-title elementor-size-default\">Le cabinet d'avocats Delagu\u00eda &amp; Luz\u00f3n sera pr\u00e9sent \u00e0 la Convention des R\u00e9seaux Commerciaux 2025 \u00e0 Paris<\/h2>\t\t\t\t<\/div>\n\t\t\t\t<\/div>\n\t\t\t\t<div class=\"elementor-element elementor-element-a146d04 elementor-widget-divider--view-line elementor-widget elementor-widget-divider\" data-id=\"a146d04\" data-element_type=\"widget\" data-e-type=\"widget\" data-widget_type=\"divider.default\">\n\t\t\t\t<div class=\"elementor-widget-container\">\n\t\t\t\t\t\t\t<div class=\"elementor-divider\">\n\t\t\t<span class=\"elementor-divider-separator\">\n\t\t\t\t\t\t<\/span>\n\t\t<\/div>\n\t\t\t\t\t\t<\/div>\n\t\t\t\t<\/div>\n\t\t\t\t<\/div>\n\t\t\t\t<\/div>\n\t\t<div class=\"elementor-element elementor-element-41380fa e-flex e-con-boxed e-con e-parent\" data-id=\"41380fa\" data-element_type=\"container\" data-e-type=\"container\">\n\t\t\t\t\t<div class=\"e-con-inner\">\n\t\t<div class=\"elementor-element elementor-element-d2aa0d1 e-con-full e-flex e-con e-child\" data-id=\"d2aa0d1\" data-element_type=\"container\" data-e-type=\"container\">\n\t\t\t\t<div class=\"elementor-element elementor-element-03ffa3a elementor-widget elementor-widget-text-editor\" data-id=\"03ffa3a\" data-element_type=\"widget\" data-e-type=\"widget\" data-widget_type=\"text-editor.default\">\n\t\t\t\t<div class=\"elementor-widget-container\">\n\t\t\t\t\t\t\t\t\t<p><a href=\"https:\/\/delaguialuzon.com\/fr\/\">Delagu\u00eda &amp; Luz\u00f3n<\/a> sera pr\u00e9sent en tant qu\u2019exposant lors de la premi\u00e8re \u00e9dition de la <strong data-start=\"263\" data-end=\"308\">CDRC \u2013 Convention des R\u00e9seaux Commerciaux<\/strong>, un \u00e9v\u00e9nement professionnel destin\u00e9 aux responsables et \u00e9quipes dirigeantes de r\u00e9seaux commerciaux, organis\u00e9 pour les franchises, coop\u00e9ratives, licences, concessions et associations.<\/p>\n<p>Au cours de la journ\u00e9e, le cabinet pr\u00e9sentera ses services de conseil pour les r\u00e9seaux de franchis\u00e9s, centr\u00e9s sur la strat\u00e9gie d\u2019expansion des r\u00e9seaux commerciaux en Espagne :<\/p>\n<ul>\n<li>Structuration juridique et financi\u00e8re des r\u00e9seaux de franchises<\/li>\n<li>Support op\u00e9rationnel en Espagne pour les franchiseurs internationaux<\/li>\n<li>Accompagnement des enseignes dans les processus de transformation ou de croissance<\/li>\n<\/ul>\n<h2>Intervention de Delagu\u00eda &amp; Luz\u00f3n<\/h2>\n<p>F\u00e9lix de la Gu\u00eda, avocat et auditeur, fondateur du cabinet Delagu\u00eda &amp; Luz\u00f3n (Valence, Espagne), participera \u00e0 la journ\u00e9e avec une pr\u00e9sentation centr\u00e9e sur le d\u00e9veloppement des r\u00e9seaux de franchise dans la p\u00e9ninsule ib\u00e9rique.<\/p>\t\t\t\t\t\t\t\t<\/div>\n\t\t\t\t<\/div>\n\t\t\t\t<\/div>\n\t\t<div class=\"elementor-element elementor-element-ca3770b e-con-full e-flex e-con e-child\" data-id=\"ca3770b\" data-element_type=\"container\" data-e-type=\"container\">\n\t\t\t\t<div class=\"elementor-element elementor-element-b94d813 elementor-widget elementor-widget-image\" data-id=\"b94d813\" data-element_type=\"widget\" data-e-type=\"widget\" data-widget_type=\"image.default\">\n\t\t\t\t<div class=\"elementor-widget-container\">\n\t\t\t\t\t\t\t\t\t\t\t\t\t\t\t<img decoding=\"async\" width=\"600\" height=\"500\" src=\"https:\/\/delaguialuzon.com\/wp-content\/uploads\/2025\/07\/banniere-600x500-1.png\" class=\"attachment-large size-large wp-image-16470\" alt=\"cdrc 2025\" srcset=\"https:\/\/delaguialuzon.com\/wp-content\/uploads\/2025\/07\/banniere-600x500-1.png 600w, https:\/\/delaguialuzon.com\/wp-content\/uploads\/2025\/07\/banniere-600x500-1-300x250.png 300w\" sizes=\"(max-width: 600px) 100vw, 600px\" \/>\t\t\t\t\t\t\t\t\t\t\t\t\t\t\t<\/div>\n\t\t\t\t<\/div>\n\t\t\t\t<\/div>\n\t\t<div class=\"elementor-element elementor-element-bda5054 e-con-full e-flex e-con e-child\" data-id=\"bda5054\" data-element_type=\"container\" data-e-type=\"container\">\n\t\t\t\t<div class=\"elementor-element elementor-element-88595ab elementor-widget-divider--view-line elementor-widget elementor-widget-divider\" data-id=\"88595ab\" data-element_type=\"widget\" data-e-type=\"widget\" data-widget_type=\"divider.default\">\n\t\t\t\t<div class=\"elementor-widget-container\">\n\t\t\t\t\t\t\t<div class=\"elementor-divider\">\n\t\t\t<span class=\"elementor-divider-separator\">\n\t\t\t\t\t\t<\/span>\n\t\t<\/div>\n\t\t\t\t\t\t<\/div>\n\t\t\t\t<\/div>\n\t\t\t\t<div class=\"elementor-element elementor-element-80d02c3 elementor-widget elementor-widget-text-editor\" data-id=\"80d02c3\" data-element_type=\"widget\" data-e-type=\"widget\" data-widget_type=\"text-editor.default\">\n\t\t\t\t<div class=\"elementor-widget-container\">\n\t\t\t\t\t\t\t\t\t<h2>Titre de l\u2019intervention<\/h2><p><strong>\u00ab D\u00e9veloppement des r\u00e9seaux de franchise en Espagne : un accompagnement global pour les franchiseurs \u00bb<\/strong><\/p><h4>Principaux th\u00e8mes abord\u00e9s :<\/h4><ul><li><strong>Structuration juridique<\/strong> du mod\u00e8le de franchise<\/li><li>Protection des marques et <strong>conformit\u00e9 r\u00e9glementaire<\/strong> en Espagne et au Portugal<\/li><li>Formalisation des <strong>contrats de franchise<\/strong> directe ou de master franchise<\/li><li><strong>Constitution de soci\u00e9t\u00e9s<\/strong> et coordination transfrontali\u00e8re<\/li><li><strong>Implantation immobili\u00e8re<\/strong> : recherche de locaux et n\u00e9gociation de baux<\/li><li>\u00c9laboration de<strong> plans d\u2019affaires<\/strong> et <strong>\u00e9tude de rentabilit\u00e9<\/strong><\/li><li><strong>Optimisation fiscale<\/strong> pour la centrale et ses partenaires<\/li><li><strong>Gestion op\u00e9rationnelle<\/strong> de l\u2019expansion et accompagnement post-ouverture<\/li><\/ul><h3>Autres intervenants confirm\u00e9s aborderont des th\u00e8mes tels que :<\/h3><ul><li>Transformation digitale des r\u00e9seaux commerciaux<\/li><li>Utilisation de l\u2019intelligence artificielle, r\u00e9alit\u00e9 augment\u00e9e et big data<\/li><li>Strat\u00e9gies d\u2019expansion internationale<\/li><li>Relations contractuelles et financement du r\u00e9seau<\/li><li>Marketing d\u2019influence et marque employeur<\/li><\/ul>\t\t\t\t\t\t\t\t<\/div>\n\t\t\t\t<\/div>\n\t\t\t\t<\/div>\n\t\t<div class=\"elementor-element elementor-element-779d260 e-con-full e-flex e-con e-child\" data-id=\"779d260\" data-element_type=\"container\" data-e-type=\"container\">\n\t\t\t\t<div class=\"elementor-element elementor-element-eb4360c elementor-widget-divider--view-line elementor-widget elementor-widget-divider\" data-id=\"eb4360c\" data-element_type=\"widget\" data-e-type=\"widget\" data-widget_type=\"divider.default\">\n\t\t\t\t<div class=\"elementor-widget-container\">\n\t\t\t\t\t\t\t<div class=\"elementor-divider\">\n\t\t\t<span class=\"elementor-divider-separator\">\n\t\t\t\t\t\t<\/span>\n\t\t<\/div>\n\t\t\t\t\t\t<\/div>\n\t\t\t\t<\/div>\n\t\t\t\t<div class=\"elementor-element elementor-element-c073ae2 elementor-widget elementor-widget-text-editor\" data-id=\"c073ae2\" data-element_type=\"widget\" data-e-type=\"widget\" data-widget_type=\"text-editor.default\">\n\t\t\t\t<div class=\"elementor-widget-container\">\n\t\t\t\t\t\t\t\t\t<h2>\u00c0 propos de l\u2019\u00e9v\u00e9nement<\/h2><p>La CDRC se tiendra le mardi 23 septembre 2025, au Palais des Congr\u00e8s \u2013 Porte Maillot, \u00e0 Paris.<\/p><h2>Informations pratiques<\/h2><ul><li><strong>Date :<\/strong> mardi 23 septembre 2025<\/li><li><strong>Horaires :<\/strong> de 8h30 \u00e0 18h00<\/li><li><strong>Lieu :<\/strong> Palais des Congr\u00e8s \u2013 Hall Havane (3\u1d49 \u00e9tage)<\/li><li><strong>Adresse :<\/strong> 2 Place de la Porte Maillot, 75017 Paris<\/li><\/ul><h3>Acc\u00e8s<\/h3><ul><li>M\u00e9tro : Ligne 1 \u2013 Porte Maillot<\/li><li>RER C \u2013 Neuilly \/ Porte Maillot<\/li><li>Bus : 82, 73, 43, 244, PC<\/li><li>Parking souterrain disponible (1\u202f800 places)<\/li><\/ul><h2>Plus d\u2019informations<\/h2><ul><li style=\"list-style-type: none;\"><ul><li><a href=\"https:\/\/www.cdrc.paris\/\" target=\"_blank\" rel=\"nofollow noopener\">Page officielle de l\u2019\u00e9v\u00e9nement<\/a><\/li><li><a href=\"https:\/\/www.cdrc.paris\/registration\/register\" target=\"_blank\" rel=\"nofollow noopener\">Inscription gratuite<\/a> (exclusivement pour les dirigeants, responsables de r\u00e9seaux, directeurs du d\u00e9veloppement, experts en marketing digital, directeurs financiers, juristes et responsables des ressources humaines des enseignes)<\/li><\/ul><\/li><\/ul>\t\t\t\t\t\t\t\t<\/div>\n\t\t\t\t<\/div>\n\t\t\t\t<\/div>\n\t\t\t\t\t<\/div>\n\t\t\t\t<\/div>\n\t\t<div class=\"elementor-element elementor-element-dc3aa06 e-flex e-con-boxed e-con e-parent\" data-id=\"dc3aa06\" data-element_type=\"container\" data-e-type=\"container\">\n\t\t\t\t\t<div class=\"e-con-inner\">\n\t\t\t\t<div class=\"elementor-element elementor-element-1cab083 elementor-widget-divider--view-line elementor-widget elementor-widget-divider\" data-id=\"1cab083\" data-element_type=\"widget\" data-e-type=\"widget\" data-widget_type=\"divider.default\">\n\t\t\t\t<div class=\"elementor-widget-container\">\n\t\t\t\t\t\t\t<div class=\"elementor-divider\">\n\t\t\t<span class=\"elementor-divider-separator\">\n\t\t\t\t\t\t<\/span>\n\t\t<\/div>\n\t\t\t\t\t\t<\/div>\n\t\t\t\t<\/div>\n\t\t\t\t\t<\/div>\n\t\t\t\t<\/div>\n\t\t\t\t<\/div>\n\t\t","protected":false},"excerpt":{"rendered":"<p>Delagu\u00eda &#038; Luz\u00f3n participe en tant qu\u2019intervenant \u00e0 la CDRC 2025 \u00e0 Paris. Pr\u00e9sentation de solutions juridiques, fiscales et op\u00e9rationnelles pour les franchiseurs.<\/p>\n","protected":false},"author":20,"featured_media":16468,"parent":0,"menu_order":0,"comment_status":"closed","ping_status":"closed","template":"elementor_header_footer","meta":{"_mbp_gutenberg_autopost":false,"_joinchat":[],"footnotes":""},"class_list":["post-16795","page","type-page","status-publish","has-post-thumbnail","hentry"],"_links":{"self":[{"href":"https:\/\/delaguialuzon.com\/fr\/wp-json\/wp\/v2\/pages\/16795","targetHints":{"allow":["GET"]}}],"collection":[{"href":"https:\/\/delaguialuzon.com\/fr\/wp-json\/wp\/v2\/pages"}],"about":[{"href":"https:\/\/delaguialuzon.com\/fr\/wp-json\/wp\/v2\/types\/page"}],"author":[{"embeddable":true,"href":"https:\/\/delaguialuzon.com\/fr\/wp-json\/wp\/v2\/users\/20"}],"replies":[{"embeddable":true,"href":"https:\/\/delaguialuzon.com\/fr\/wp-json\/wp\/v2\/comments?post=16795"}],"version-history":[{"count":12,"href":"https:\/\/delaguialuzon.com\/fr\/wp-json\/wp\/v2\/pages\/16795\/revisions"}],"predecessor-version":[{"id":17065,"href":"https:\/\/delaguialuzon.com\/fr\/wp-json\/wp\/v2\/pages\/16795\/revisions\/17065"}],"wp:featuredmedia":[{"embeddable":true,"href":"https:\/\/delaguialuzon.com\/fr\/wp-json\/wp\/v2\/media\/16468"}],"wp:attachment":[{"href":"https:\/\/delaguialuzon.com\/fr\/wp-json\/wp\/v2\/media?parent=16795"}],"curies":[{"name":"wp","href":"https:\/\/api.w.org\/{rel}","templated":true}]}}