{"id":6357,"date":"2024-06-05T09:19:17","date_gmt":"2024-06-05T07:19:17","guid":{"rendered":"https:\/\/delaguialuzon.com\/audit-du-travail-pour-les-entreprises\/"},"modified":"2026-04-13T19:37:10","modified_gmt":"2026-04-13T17:37:10","slug":"audit-du-travail-pour-les-entreprises","status":"publish","type":"page","link":"https:\/\/delaguialuzon.com\/fr\/audit-du-travail-pour-les-entreprises\/","title":{"rendered":"Audit du travail pour les entreprises"},"content":{"rendered":"\t\t<div data-elementor-type=\"wp-page\" data-elementor-id=\"6357\" class=\"elementor elementor-6357 elementor-6243\" data-elementor-post-type=\"page\">\n\t\t\t\t<div class=\"elementor-element elementor-element-c60a5b0 e-con-full e-flex e-con e-parent\" data-id=\"c60a5b0\" data-element_type=\"container\" data-e-type=\"container\">\n\t\t<div class=\"elementor-element elementor-element-8c62d2f e-con-full e-flex e-con e-child\" data-id=\"8c62d2f\" data-element_type=\"container\" data-e-type=\"container\">\n\t\t<div class=\"elementor-element elementor-element-c86dc7b e-con-full e-flex e-con e-child\" data-id=\"c86dc7b\" data-element_type=\"container\" data-e-type=\"container\" data-settings=\"{&quot;background_background&quot;:&quot;classic&quot;}\">\n\t\t\t\t<div class=\"elementor-element elementor-element-54e233c elementor-widget elementor-widget-heading\" data-id=\"54e233c\" data-element_type=\"widget\" data-e-type=\"widget\" data-widget_type=\"heading.default\">\n\t\t\t\t<div class=\"elementor-widget-container\">\n\t\t\t\t\t<h1 class=\"elementor-heading-title elementor-size-default\">Droit du travail en Espagne \u2014 avocat franco-espagnol<\/h1>\t\t\t\t<\/div>\n\t\t\t\t<\/div>\n\t\t\t\t<\/div>\n\t\t<div class=\"elementor-element elementor-element-ab2b798 e-flex e-con-boxed e-con e-child\" data-id=\"ab2b798\" data-element_type=\"container\" data-e-type=\"container\">\n\t\t\t\t\t<div class=\"e-con-inner\">\n\t\t<div class=\"elementor-element elementor-element-bf3acde e-con-full e-flex e-con e-child\" data-id=\"bf3acde\" data-element_type=\"container\" data-e-type=\"container\">\n\t\t\t\t<div class=\"elementor-element elementor-element-8b4e3b3 elementor-widget elementor-widget-heading\" data-id=\"8b4e3b3\" data-element_type=\"widget\" data-e-type=\"widget\" data-widget_type=\"heading.default\">\n\t\t\t\t<div class=\"elementor-widget-container\">\n\t\t\t\t\t<h2 class=\"elementor-heading-title elementor-size-default\">I.- Qu'est-ce qu'un audit du travail?<\/h2>\t\t\t\t<\/div>\n\t\t\t\t<\/div>\n\t\t\t\t<div class=\"elementor-element elementor-element-deb687d elementor-widget__width-initial elementor-widget elementor-widget-text-editor\" data-id=\"deb687d\" data-element_type=\"widget\" data-e-type=\"widget\" data-widget_type=\"text-editor.default\">\n\t\t\t\t<div class=\"elementor-widget-container\">\n\t\t\t\t\t\t\t\t\t<p>L&rsquo;<b>audit du travail<\/b> est une proc\u00e9dure pr\u00e9ventive et volontaire, qui permet de d\u00e9terminer si les entreprises respectent la r\u00e9glementation en mati\u00e8re de <a title=\"Droit du travail en Espagne\" href=\"https:\/\/delaguialuzon.com\/fr\/droit-du-travail\/\">droit du travail<\/a> et de S\u00e9curit\u00e9 sociale, de conna\u00eetre leur situation en mati\u00e8re de travail et de v\u00e9rifier si elles respectent la l\u00e9gislation de droit du travail.<\/p><p>Il est conseill\u00e9 d&rsquo;analyser et d&rsquo;\u00e9valuer si les entreprises respectent leurs obligations l\u00e9gales en mati\u00e8re de <a title=\"Recrutement et aide \u00e0 l'embauche en Espagne\" href=\"https:\/\/delaguialuzon.com\/fr\/blog\/aide-embauche-jeunes\/\">recrutement<\/a>, de S\u00e9curit\u00e9 sociale, de politique salariale et de sant\u00e9 et s\u00e9curit\u00e9 au travail, bien qu&rsquo;il n&rsquo;existe aucune obligation l\u00e9gale de r\u00e9aliser un audit du travail, afin d&rsquo;\u00e9viter les impr\u00e9vus dans le domaine des relations de travail.<\/p>\t\t\t\t\t\t\t\t<\/div>\n\t\t\t\t<\/div>\n\t\t\t\t<\/div>\n\t\t<div class=\"elementor-element elementor-element-17d9608 e-con-full e-flex e-con e-child\" data-id=\"17d9608\" data-element_type=\"container\" data-e-type=\"container\">\n\t\t\t\t<div class=\"elementor-element elementor-element-97bb0ab elementor-widget elementor-widget-image\" data-id=\"97bb0ab\" data-element_type=\"widget\" data-e-type=\"widget\" data-widget_type=\"image.default\">\n\t\t\t\t<div class=\"elementor-widget-container\">\n\t\t\t\t\t\t\t\t\t\t\t\t\t\t\t<img fetchpriority=\"high\" decoding=\"async\" width=\"700\" height=\"366\" src=\"https:\/\/delaguialuzon.com\/wp-content\/uploads\/2024\/06\/auditoria-laboral1.jpg\" class=\"attachment-full size-full wp-image-6247\" alt=\"Auditoria laboral1.jpg\" srcset=\"https:\/\/delaguialuzon.com\/wp-content\/uploads\/2024\/06\/auditoria-laboral1.jpg 700w, https:\/\/delaguialuzon.com\/wp-content\/uploads\/2024\/06\/auditoria-laboral1-300x157.jpg 300w\" sizes=\"(max-width: 700px) 100vw, 700px\" \/>\t\t\t\t\t\t\t\t\t\t\t\t\t\t\t<\/div>\n\t\t\t\t<\/div>\n\t\t\t\t<\/div>\n\t\t\t\t\t<\/div>\n\t\t\t\t<\/div>\n\t\t<div class=\"elementor-element elementor-element-6276ffc e-flex e-con-boxed e-con e-child\" data-id=\"6276ffc\" data-element_type=\"container\" data-e-type=\"container\">\n\t\t\t\t\t<div class=\"e-con-inner\">\n\t\t<div class=\"elementor-element elementor-element-6a8a6d3 e-con-full e-flex e-con e-child\" data-id=\"6a8a6d3\" data-element_type=\"container\" data-e-type=\"container\">\n\t\t\t\t<div class=\"elementor-element elementor-element-f5f20bf elementor-widget elementor-widget-image\" data-id=\"f5f20bf\" data-element_type=\"widget\" data-e-type=\"widget\" data-widget_type=\"image.default\">\n\t\t\t\t<div class=\"elementor-widget-container\">\n\t\t\t\t\t\t\t\t\t\t\t\t\t\t\t<img decoding=\"async\" width=\"700\" height=\"366\" src=\"https:\/\/delaguialuzon.com\/wp-content\/uploads\/2024\/06\/auditoria-interna.jpg\" class=\"attachment-full size-full wp-image-6251\" alt=\"Auditoria interna.jpg\" srcset=\"https:\/\/delaguialuzon.com\/wp-content\/uploads\/2024\/06\/auditoria-interna.jpg 700w, https:\/\/delaguialuzon.com\/wp-content\/uploads\/2024\/06\/auditoria-interna-300x157.jpg 300w\" sizes=\"(max-width: 700px) 100vw, 700px\" \/>\t\t\t\t\t\t\t\t\t\t\t\t\t\t\t<\/div>\n\t\t\t\t<\/div>\n\t\t\t\t<\/div>\n\t\t<div class=\"elementor-element elementor-element-d3fc869 e-con-full e-flex e-con e-child\" data-id=\"d3fc869\" data-element_type=\"container\" data-e-type=\"container\">\n\t\t\t\t<div class=\"elementor-element elementor-element-2f11281 elementor-widget elementor-widget-heading\" data-id=\"2f11281\" data-element_type=\"widget\" data-e-type=\"widget\" data-widget_type=\"heading.default\">\n\t\t\t\t<div class=\"elementor-widget-container\">\n\t\t\t\t\t<h2 class=\"elementor-heading-title elementor-size-default\">II.- Objectifs d'un audit interne du travail<\/h2>\t\t\t\t<\/div>\n\t\t\t\t<\/div>\n\t\t\t\t<div class=\"elementor-element elementor-element-0ab711e elementor-widget__width-initial elementor-widget elementor-widget-text-editor\" data-id=\"0ab711e\" data-element_type=\"widget\" data-e-type=\"widget\" data-widget_type=\"text-editor.default\">\n\t\t\t\t<div class=\"elementor-widget-container\">\n\t\t\t\t\t\t\t\t\t<p>La planification d&rsquo;un audit du travail, est une habitude souhaitable dont les objectifs essentiels sont de <b>d\u00e9tecter d&rsquo;\u00e9ventuelles irr\u00e9gularit\u00e9s dans le domaine du travail<\/b> et de les pr\u00e9venir avant une <a href=\"https:\/\/delaguialuzon.com\/fr\/compliance-du-travail\/\">Inspection du Travail<\/a>, d&rsquo;\u00e9viter d&rsquo;\u00e9ventuels conflits du travail, ainsi que de disposer de l&rsquo;information actualis\u00e9e avant un <a title=\"Cr\u00e9ation d'entreprise en Espagne\" href=\"https:\/\/delaguialuzon.com\/fr\/blog\/creer-une-entreprise-en-espagne\/\">achat, une fusion ou une absorption de l&rsquo;entreprise<\/a>.<\/p>\t\t\t\t\t\t\t\t<\/div>\n\t\t\t\t<\/div>\n\t\t\t\t<\/div>\n\t\t\t\t\t<\/div>\n\t\t\t\t<\/div>\n\t\t<div class=\"elementor-element elementor-element-e6b9f58 e-flex e-con-boxed e-con e-child\" data-id=\"e6b9f58\" data-element_type=\"container\" data-e-type=\"container\">\n\t\t\t\t\t<div class=\"e-con-inner\">\n\t\t<div class=\"elementor-element elementor-element-ca27a64 e-con-full e-flex e-con e-child\" data-id=\"ca27a64\" data-element_type=\"container\" data-e-type=\"container\">\n\t\t\t\t<div class=\"elementor-element elementor-element-33fdf63 elementor-widget elementor-widget-heading\" data-id=\"33fdf63\" data-element_type=\"widget\" data-e-type=\"widget\" data-widget_type=\"heading.default\">\n\t\t\t\t<div class=\"elementor-widget-container\">\n\t\t\t\t\t<h2 class=\"elementor-heading-title elementor-size-default\">III.- Domaines d'action d'un audit du travail<\/h2>\t\t\t\t<\/div>\n\t\t\t\t<\/div>\n\t\t\t\t<div class=\"elementor-element elementor-element-7490711 elementor-widget__width-initial elementor-widget elementor-widget-text-editor\" data-id=\"7490711\" data-element_type=\"widget\" data-e-type=\"widget\" data-widget_type=\"text-editor.default\">\n\t\t\t\t<div class=\"elementor-widget-container\">\n\t\t\t\t\t\t\t\t\t<ul><li>Structure du personnel et recrutement<\/li><li>Obligations salariales formelles<\/li><li>Temps de travail<\/li><li>Droits collectifs des travailleurs<\/li><li>La\u00a0S\u00e9curit\u00e9 sociale<\/li><li>La mobilit\u00e9 g\u00e9ographique<\/li><li>Modification substantielle des conditions de travail<\/li><li>Sant\u00e9 et s\u00e9curit\u00e9 au travail et pr\u00e9vention des risques professionnels<\/li><li>Protection des donn\u00e9es<\/li><\/ul>\t\t\t\t\t\t\t\t<\/div>\n\t\t\t\t<\/div>\n\t\t\t\t<\/div>\n\t\t<div class=\"elementor-element elementor-element-e5d2674 e-con-full e-flex e-con e-child\" data-id=\"e5d2674\" data-element_type=\"container\" data-e-type=\"container\">\n\t\t\t\t<div class=\"elementor-element elementor-element-514c7d8 elementor-widget elementor-widget-image\" data-id=\"514c7d8\" data-element_type=\"widget\" data-e-type=\"widget\" data-widget_type=\"image.default\">\n\t\t\t\t<div class=\"elementor-widget-container\">\n\t\t\t\t\t\t\t\t\t\t\t\t\t\t\t<img decoding=\"async\" width=\"700\" height=\"412\" src=\"https:\/\/delaguialuzon.com\/wp-content\/uploads\/2024\/06\/areas-auditoria.jpg\" class=\"attachment-large size-large wp-image-6255\" alt=\"Areas auditoria.jpg\" srcset=\"https:\/\/delaguialuzon.com\/wp-content\/uploads\/2024\/06\/areas-auditoria.jpg 700w, https:\/\/delaguialuzon.com\/wp-content\/uploads\/2024\/06\/areas-auditoria-300x177.jpg 300w\" sizes=\"(max-width: 700px) 100vw, 700px\" \/>\t\t\t\t\t\t\t\t\t\t\t\t\t\t\t<\/div>\n\t\t\t\t<\/div>\n\t\t\t\t<\/div>\n\t\t\t\t\t<\/div>\n\t\t\t\t<\/div>\n\t\t\t\t<\/div>\n\t\t\t\t<\/div>\n\t\t\t\t<\/div>\n\t\t","protected":false},"excerpt":{"rendered":"<p>Droit du travail en Espagne \u2014 avocat franco-espagnol I.- Qu&rsquo;est-ce qu&rsquo;un audit du travail? L&rsquo;audit du travail est une proc\u00e9dure pr\u00e9ventive et volontaire, qui permet de d\u00e9terminer si les entreprises respectent la r\u00e9glementation en mati\u00e8re de droit du travail et de S\u00e9curit\u00e9 sociale, de conna\u00eetre leur situation en mati\u00e8re de travail et de v\u00e9rifier si [&hellip;]<\/p>\n","protected":false},"author":2,"featured_media":9268,"parent":0,"menu_order":0,"comment_status":"closed","ping_status":"closed","template":"elementor_header_footer","meta":{"_mbp_gutenberg_autopost":false,"_joinchat":[],"footnotes":""},"class_list":["post-6357","page","type-page","status-publish","has-post-thumbnail","hentry"],"_links":{"self":[{"href":"https:\/\/delaguialuzon.com\/fr\/wp-json\/wp\/v2\/pages\/6357","targetHints":{"allow":["GET"]}}],"collection":[{"href":"https:\/\/delaguialuzon.com\/fr\/wp-json\/wp\/v2\/pages"}],"about":[{"href":"https:\/\/delaguialuzon.com\/fr\/wp-json\/wp\/v2\/types\/page"}],"author":[{"embeddable":true,"href":"https:\/\/delaguialuzon.com\/fr\/wp-json\/wp\/v2\/users\/2"}],"replies":[{"embeddable":true,"href":"https:\/\/delaguialuzon.com\/fr\/wp-json\/wp\/v2\/comments?post=6357"}],"version-history":[{"count":28,"href":"https:\/\/delaguialuzon.com\/fr\/wp-json\/wp\/v2\/pages\/6357\/revisions"}],"predecessor-version":[{"id":23203,"href":"https:\/\/delaguialuzon.com\/fr\/wp-json\/wp\/v2\/pages\/6357\/revisions\/23203"}],"wp:featuredmedia":[{"embeddable":true,"href":"https:\/\/delaguialuzon.com\/fr\/wp-json\/wp\/v2\/media\/9268"}],"wp:attachment":[{"href":"https:\/\/delaguialuzon.com\/fr\/wp-json\/wp\/v2\/media?parent=6357"}],"curies":[{"name":"wp","href":"https:\/\/api.w.org\/{rel}","templated":true}]}}