{"id":6361,"date":"2024-06-05T09:20:03","date_gmt":"2024-06-05T07:20:03","guid":{"rendered":"https:\/\/delaguialuzon.com\/conseil-en-ressources-humaines\/"},"modified":"2026-04-30T17:23:25","modified_gmt":"2026-04-30T15:23:25","slug":"conseil-en-ressources-humaines","status":"publish","type":"page","link":"https:\/\/delaguialuzon.com\/fr\/conseil-en-ressources-humaines\/","title":{"rendered":"Conseil en ressources humaines"},"content":{"rendered":"\t\t<div data-elementor-type=\"wp-page\" data-elementor-id=\"6361\" class=\"elementor elementor-6361 elementor-6305\" data-elementor-post-type=\"page\">\n\t\t\t\t<div class=\"elementor-element elementor-element-439adfd e-con-full e-flex e-con e-parent\" data-id=\"439adfd\" data-element_type=\"container\" data-e-type=\"container\">\n\t\t<div class=\"elementor-element elementor-element-1c354ce e-con-full e-flex e-con e-child\" data-id=\"1c354ce\" data-element_type=\"container\" data-e-type=\"container\">\n\t\t<div class=\"elementor-element elementor-element-231f56c e-con-full e-flex e-con e-child\" data-id=\"231f56c\" data-element_type=\"container\" data-e-type=\"container\" data-settings=\"{&quot;background_background&quot;:&quot;classic&quot;}\">\n\t\t\t\t<div class=\"elementor-element elementor-element-270e548 elementor-widget elementor-widget-heading\" data-id=\"270e548\" data-element_type=\"widget\" data-e-type=\"widget\" data-widget_type=\"heading.default\">\n\t\t\t\t<div class=\"elementor-widget-container\">\n\t\t\t\t\t<h1 class=\"elementor-heading-title elementor-size-default\">Conseil en ressources humaines<\/h1>\t\t\t\t<\/div>\n\t\t\t\t<\/div>\n\t\t\t\t<\/div>\n\t\t<div class=\"elementor-element elementor-element-4e73e55 e-flex e-con-boxed e-con e-child\" data-id=\"4e73e55\" data-element_type=\"container\" data-e-type=\"container\">\n\t\t\t\t\t<div class=\"e-con-inner\">\n\t\t\t\t<div class=\"elementor-element elementor-element-ae4a30f elementor-widget elementor-widget-text-editor\" data-id=\"ae4a30f\" data-element_type=\"widget\" data-e-type=\"widget\" data-widget_type=\"text-editor.default\">\n\t\t\t\t<div class=\"elementor-widget-container\">\n\t\t\t\t\t\t\t\t\t<p>En <b>Delagu\u00eda&amp;Luz\u00f3n\u00a0<\/b>ofrecemos una amplia gama de servicios de <b>consultor\u00eda de recursos humanos<\/b>, dise\u00f1ados para mejorar los procesos internos y aumentar la productividad de su empresa.\u00a0<\/p><p>A trav\u00e9s de un enfoque personalizado, abordamos las necesidades espec\u00edficas de cada empresa para garantizar el \u00e9xito en la gesti\u00f3n del talento y el desarrollo profesional de su equipo.<\/p>\t\t\t\t\t\t\t\t<\/div>\n\t\t\t\t<\/div>\n\t\t\t\t\t<\/div>\n\t\t\t\t<\/div>\n\t\t<div class=\"elementor-element elementor-element-d06a65a e-flex e-con-boxed e-con e-child\" data-id=\"d06a65a\" data-element_type=\"container\" data-e-type=\"container\">\n\t\t\t\t\t<div class=\"e-con-inner\">\n\t\t<div class=\"elementor-element elementor-element-30d676d e-con-full e-flex e-con e-child\" data-id=\"30d676d\" data-element_type=\"container\" data-e-type=\"container\">\n\t\t\t\t<div class=\"elementor-element elementor-element-678caf0 elementor-widget elementor-widget-heading\" data-id=\"678caf0\" data-element_type=\"widget\" data-e-type=\"widget\" data-widget_type=\"heading.default\">\n\t\t\t\t<div class=\"elementor-widget-container\">\n\t\t\t\t\t<h2 class=\"elementor-heading-title elementor-size-default\">S\u00e9lection et recrutement du personnel<\/h2>\t\t\t\t<\/div>\n\t\t\t\t<\/div>\n\t\t\t\t<div class=\"elementor-element elementor-element-af38b7f elementor-widget__width-initial elementor-widget elementor-widget-text-editor\" data-id=\"af38b7f\" data-element_type=\"widget\" data-e-type=\"widget\" data-widget_type=\"text-editor.default\">\n\t\t\t\t<div class=\"elementor-widget-container\">\n\t\t\t\t\t\t\t\t\t<p>Nous diagnostiquons les besoins de votre projet et s\u00e9lectionnons les personnes qui conviennent \u00e0 votre entreprise.<\/p><p>Nous proc\u00e9dons \u00e0 une \u00e9valuation de chaque poste et \u00e9tablissons un plan de r\u00e9mun\u00e9ration, de compensation et d&rsquo;\u00e9galit\u00e9 des chances, en tenant compte des comp\u00e9tences de chaque membre du personnel, ce qui permet d&rsquo;offrir un bon environnement de travail.<\/p>\t\t\t\t\t\t\t\t<\/div>\n\t\t\t\t<\/div>\n\t\t\t\t<\/div>\n\t\t<div class=\"elementor-element elementor-element-c534801 e-con-full e-flex e-con e-child\" data-id=\"c534801\" data-element_type=\"container\" data-e-type=\"container\">\n\t\t\t\t<div class=\"elementor-element elementor-element-14011cf elementor-widget elementor-widget-image\" data-id=\"14011cf\" data-element_type=\"widget\" data-e-type=\"widget\" data-widget_type=\"image.default\">\n\t\t\t\t<div class=\"elementor-widget-container\">\n\t\t\t\t\t\t\t\t\t\t\t\t\t\t\t<img fetchpriority=\"high\" decoding=\"async\" width=\"700\" height=\"320\" src=\"https:\/\/delaguialuzon.com\/wp-content\/uploads\/2024\/06\/seleccion-personal-e1663750241966.jpg\" class=\"attachment-full size-full wp-image-6309\" alt=\"Seleccion personal e1663750241966.jpg\" srcset=\"https:\/\/delaguialuzon.com\/wp-content\/uploads\/2024\/06\/seleccion-personal-e1663750241966.jpg 700w, https:\/\/delaguialuzon.com\/wp-content\/uploads\/2024\/06\/seleccion-personal-e1663750241966-300x137.jpg 300w\" sizes=\"(max-width: 700px) 100vw, 700px\" \/>\t\t\t\t\t\t\t\t\t\t\t\t\t\t\t<\/div>\n\t\t\t\t<\/div>\n\t\t\t\t<\/div>\n\t\t\t\t\t<\/div>\n\t\t\t\t<\/div>\n\t\t<div class=\"elementor-element elementor-element-64d0ab6 e-flex e-con-boxed e-con e-child\" data-id=\"64d0ab6\" data-element_type=\"container\" data-e-type=\"container\">\n\t\t\t\t\t<div class=\"e-con-inner\">\n\t\t<div class=\"elementor-element elementor-element-68cbe23 e-con-full e-flex e-con e-child\" data-id=\"68cbe23\" data-element_type=\"container\" data-e-type=\"container\">\n\t\t\t\t<div class=\"elementor-element elementor-element-66d492d elementor-widget elementor-widget-image\" data-id=\"66d492d\" data-element_type=\"widget\" data-e-type=\"widget\" data-widget_type=\"image.default\">\n\t\t\t\t<div class=\"elementor-widget-container\">\n\t\t\t\t\t\t\t\t\t\t\t\t\t\t\t<img decoding=\"async\" width=\"700\" height=\"304\" src=\"https:\/\/delaguialuzon.com\/wp-content\/uploads\/2024\/06\/gestion-tiempo-empleados-e1663748879652.jpg\" class=\"attachment-full size-full wp-image-6313\" alt=\"Gestion tiempo empleados e1663748879652.jpg\" srcset=\"https:\/\/delaguialuzon.com\/wp-content\/uploads\/2024\/06\/gestion-tiempo-empleados-e1663748879652.jpg 700w, https:\/\/delaguialuzon.com\/wp-content\/uploads\/2024\/06\/gestion-tiempo-empleados-e1663748879652-300x130.jpg 300w\" sizes=\"(max-width: 700px) 100vw, 700px\" \/>\t\t\t\t\t\t\t\t\t\t\t\t\t\t\t<\/div>\n\t\t\t\t<\/div>\n\t\t\t\t<\/div>\n\t\t<div class=\"elementor-element elementor-element-89d2690 e-con-full e-flex e-con e-child\" data-id=\"89d2690\" data-element_type=\"container\" data-e-type=\"container\">\n\t\t\t\t<div class=\"elementor-element elementor-element-96651cf elementor-widget elementor-widget-heading\" data-id=\"96651cf\" data-element_type=\"widget\" data-e-type=\"widget\" data-widget_type=\"heading.default\">\n\t\t\t\t<div class=\"elementor-widget-container\">\n\t\t\t\t\t<h2 class=\"elementor-heading-title elementor-size-default\">Gestion du temps de vos employ\u00e9s<\/h2>\t\t\t\t<\/div>\n\t\t\t\t<\/div>\n\t\t\t\t<div class=\"elementor-element elementor-element-84eb173 elementor-widget__width-initial elementor-widget elementor-widget-text-editor\" data-id=\"84eb173\" data-element_type=\"widget\" data-e-type=\"widget\" data-widget_type=\"text-editor.default\">\n\t\t\t\t<div class=\"elementor-widget-container\">\n\t\t\t\t\t\t\t\t\t<p><strong><span style=\"text-decoration: underline;\">Contr\u00f4le horaire <\/span>:<\/strong> contr\u00f4le de la journ\u00e9e de travail tant pour le travail en face \u00e0 face que pour le t\u00e9l\u00e9travail et le travail \u00e0 distance, et ainsi obtenir le contr\u00f4le de la journ\u00e9e annuelle de travail, des cong\u00e9s, des absences, du nombre d&rsquo;heures compl\u00e9mentaires et suppl\u00e9mentaires effectu\u00e9es, des demandes d&rsquo;absence, des indemnit\u00e9s per\u00e7ues en Espagne et \u00e0 l&rsquo;\u00e9tranger&#8230;<\/p><p><strong><span style=\"text-decoration: underline;\">Gestion des horaires de travail <\/span><\/strong>: nous planifions les horaires de travail de vos employ\u00e9s, en nous adaptant aux besoins et aux caract\u00e9ristiques de votre entreprise.<\/p>\t\t\t\t\t\t\t\t<\/div>\n\t\t\t\t<\/div>\n\t\t\t\t<\/div>\n\t\t\t\t\t<\/div>\n\t\t\t\t<\/div>\n\t\t<div class=\"elementor-element elementor-element-a652b56 e-flex e-con-boxed e-con e-child\" data-id=\"a652b56\" data-element_type=\"container\" data-e-type=\"container\">\n\t\t\t\t\t<div class=\"e-con-inner\">\n\t\t<div class=\"elementor-element elementor-element-d78bb5e e-con-full e-flex e-con e-child\" data-id=\"d78bb5e\" data-element_type=\"container\" data-e-type=\"container\">\n\t\t\t\t<div class=\"elementor-element elementor-element-d3b0294 elementor-widget elementor-widget-heading\" data-id=\"d3b0294\" data-element_type=\"widget\" data-e-type=\"widget\" data-widget_type=\"heading.default\">\n\t\t\t\t<div class=\"elementor-widget-container\">\n\t\t\t\t\t<h2 class=\"elementor-heading-title elementor-size-default\">Gestion des cr\u00e9dits pour la formation professionnelle<\/h2>\t\t\t\t<\/div>\n\t\t\t\t<\/div>\n\t\t\t\t<div class=\"elementor-element elementor-element-ce3c6d9 elementor-widget__width-initial elementor-widget elementor-widget-text-editor\" data-id=\"ce3c6d9\" data-element_type=\"widget\" data-e-type=\"widget\" data-widget_type=\"text-editor.default\">\n\t\t\t\t<div class=\"elementor-widget-container\">\n\t\t\t\t\t\t\t\t\t<p>Nous \u00e9laborons un <strong>PLAN DE FORMATION D&rsquo;ENTREPRISE<\/strong> avec les Acad\u00e9mies de Formation accr\u00e9dit\u00e9es pour dispenser les Cours de Formation Subventionn\u00e9s, r\u00e9glement\u00e9s dans le Syst\u00e8me de Formation Professionnelle pour l&#8217;emploi dans le domaine du travail.<\/p>\t\t\t\t\t\t\t\t<\/div>\n\t\t\t\t<\/div>\n\t\t\t\t<\/div>\n\t\t<div class=\"elementor-element elementor-element-7e7b6cc e-con-full e-flex e-con e-child\" data-id=\"7e7b6cc\" data-element_type=\"container\" data-e-type=\"container\">\n\t\t\t\t<div class=\"elementor-element elementor-element-c9293af elementor-widget elementor-widget-image\" data-id=\"c9293af\" data-element_type=\"widget\" data-e-type=\"widget\" data-widget_type=\"image.default\">\n\t\t\t\t<div class=\"elementor-widget-container\">\n\t\t\t\t\t\t\t\t\t\t\t\t\t\t\t<img decoding=\"async\" width=\"700\" height=\"296\" src=\"https:\/\/delaguialuzon.com\/wp-content\/uploads\/2024\/06\/formacion-laboral.jpg\" class=\"attachment-large size-large wp-image-6317\" alt=\"Formacion laboral.jpg\" srcset=\"https:\/\/delaguialuzon.com\/wp-content\/uploads\/2024\/06\/formacion-laboral.jpg 700w, https:\/\/delaguialuzon.com\/wp-content\/uploads\/2024\/06\/formacion-laboral-300x127.jpg 300w\" sizes=\"(max-width: 700px) 100vw, 700px\" \/>\t\t\t\t\t\t\t\t\t\t\t\t\t\t\t<\/div>\n\t\t\t\t<\/div>\n\t\t\t\t<\/div>\n\t\t\t\t\t<\/div>\n\t\t\t\t<\/div>\n\t\t<div class=\"elementor-element elementor-element-e014d03 e-flex e-con-boxed e-con e-child\" data-id=\"e014d03\" data-element_type=\"container\" data-e-type=\"container\">\n\t\t\t\t\t<div class=\"e-con-inner\">\n\t\t<div class=\"elementor-element elementor-element-1a2964a e-con-full e-flex e-con e-child\" data-id=\"1a2964a\" data-element_type=\"container\" data-e-type=\"container\">\n\t\t\t\t<div class=\"elementor-element elementor-element-2946a8e elementor-widget elementor-widget-image\" data-id=\"2946a8e\" data-element_type=\"widget\" data-e-type=\"widget\" data-widget_type=\"image.default\">\n\t\t\t\t<div class=\"elementor-widget-container\">\n\t\t\t\t\t\t\t\t\t\t\t\t\t\t\t<img decoding=\"async\" width=\"700\" height=\"304\" src=\"https:\/\/delaguialuzon.com\/wp-content\/uploads\/2024\/06\/gestion-tiempo-empleados-e1663748879652.jpg\" class=\"attachment-full size-full wp-image-6313\" alt=\"Gestion tiempo empleados e1663748879652.jpg\" srcset=\"https:\/\/delaguialuzon.com\/wp-content\/uploads\/2024\/06\/gestion-tiempo-empleados-e1663748879652.jpg 700w, https:\/\/delaguialuzon.com\/wp-content\/uploads\/2024\/06\/gestion-tiempo-empleados-e1663748879652-300x130.jpg 300w\" sizes=\"(max-width: 700px) 100vw, 700px\" \/>\t\t\t\t\t\t\t\t\t\t\t\t\t\t\t<\/div>\n\t\t\t\t<\/div>\n\t\t\t\t<\/div>\n\t\t<div class=\"elementor-element elementor-element-04f52c6 e-con-full e-flex e-con e-child\" data-id=\"04f52c6\" data-element_type=\"container\" data-e-type=\"container\">\n\t\t\t\t<div class=\"elementor-element elementor-element-86e7a55 elementor-widget elementor-widget-heading\" data-id=\"86e7a55\" data-element_type=\"widget\" data-e-type=\"widget\" data-widget_type=\"heading.default\">\n\t\t\t\t<div class=\"elementor-widget-container\">\n\t\t\t\t\t<h2 class=\"elementor-heading-title elementor-size-default\">Gestion du temps et organisation du travail<\/h2>\t\t\t\t<\/div>\n\t\t\t\t<\/div>\n\t\t\t\t<div class=\"elementor-element elementor-element-bbcf367 elementor-widget__width-initial elementor-widget elementor-widget-text-editor\" data-id=\"bbcf367\" data-element_type=\"widget\" data-e-type=\"widget\" data-widget_type=\"text-editor.default\">\n\t\t\t\t<div class=\"elementor-widget-container\">\n\t\t\t\t\t\t\t\t\t<p>Nous proposons des services avanc\u00e9s de <strong>gestion du temps<\/strong> de vos employ\u00e9s, notamment le <strong>contr\u00f4le des heures<\/strong> et la <strong>planification des horaires de travail<\/strong>.<\/p><p>Cela facilite le <strong>contr\u00f4le de la journ\u00e9e de travail, la gestion des vacances, des absences et l&rsquo;enregistrement des heures suppl\u00e9mentaires<\/strong>, tout conform\u00e9ment aux r\u00e8glements en vigueur. Nous am\u00e9liorons l&rsquo;efficacit\u00e9 et aidons \u00e0 respecter les exigences l\u00e9gales li\u00e9es au temps de travail.<\/p>\t\t\t\t\t\t\t\t<\/div>\n\t\t\t\t<\/div>\n\t\t\t\t<\/div>\n\t\t\t\t\t<\/div>\n\t\t\t\t<\/div>\n\t\t<div class=\"elementor-element elementor-element-bf49c41 e-flex e-con-boxed e-con e-child\" data-id=\"bf49c41\" data-element_type=\"container\" data-e-type=\"container\">\n\t\t\t\t\t<div class=\"e-con-inner\">\n\t\t<div class=\"elementor-element elementor-element-00fdae6 e-con-full e-flex e-con e-child\" data-id=\"00fdae6\" data-element_type=\"container\" data-e-type=\"container\">\n\t\t\t\t<div class=\"elementor-element elementor-element-4d31701 elementor-widget elementor-widget-heading\" data-id=\"4d31701\" data-element_type=\"widget\" data-e-type=\"widget\" data-widget_type=\"heading.default\">\n\t\t\t\t<div class=\"elementor-widget-container\">\n\t\t\t\t\t<h2 class=\"elementor-heading-title elementor-size-default\">Onboarding\/Plan d\u00b4incorporation des nouveaux employ\u00e9s<\/h2>\t\t\t\t<\/div>\n\t\t\t\t<\/div>\n\t\t\t\t<div class=\"elementor-element elementor-element-dee0552 elementor-widget__width-initial elementor-widget elementor-widget-text-editor\" data-id=\"dee0552\" data-element_type=\"widget\" data-e-type=\"widget\" data-widget_type=\"text-editor.default\">\n\t\t\t\t<div class=\"elementor-widget-container\">\n\t\t\t\t\t\t\t\t\t<p>Nous concevons un Plan d&rsquo;Incorporation du Travail pour les nouveaux travailleurs dans l&rsquo;entreprise avec lequel nous contr\u00f4lons toute la <strong>documentation administrative<\/strong> qui doit \u00eatre pr\u00e9par\u00e9e avant l&rsquo;arriv\u00e9e du nouveau travailleur.<\/p><p>nous r\u00e9alisons toutes les d\u00e9marches li\u00e9es au <strong>processus d&rsquo;incorporation des nouveaux employ\u00e9s<\/strong>, le contrat de travail, la documentation relative \u00e0 la Pr\u00e9vention des Risques Professionnels, \u00e0 la Protection des Donn\u00e9es, \u00e0 l&rsquo;Assurance de la Convention Collective, au Protocole de Harc\u00e8lement&#8230;<\/p>\t\t\t\t\t\t\t\t<\/div>\n\t\t\t\t<\/div>\n\t\t\t\t<\/div>\n\t\t<div class=\"elementor-element elementor-element-7316680 e-con-full e-flex e-con e-child\" data-id=\"7316680\" data-element_type=\"container\" data-e-type=\"container\">\n\t\t\t\t<div class=\"elementor-element elementor-element-43bb691 elementor-widget elementor-widget-image\" data-id=\"43bb691\" data-element_type=\"widget\" data-e-type=\"widget\" data-widget_type=\"image.default\">\n\t\t\t\t<div class=\"elementor-widget-container\">\n\t\t\t\t\t\t\t\t\t\t\t\t\t\t\t<img loading=\"lazy\" decoding=\"async\" width=\"700\" height=\"296\" src=\"https:\/\/delaguialuzon.com\/wp-content\/uploads\/2024\/06\/onboardin-empresa.jpg\" class=\"attachment-full size-full wp-image-6321\" alt=\"Onboardin empresa.jpg\" srcset=\"https:\/\/delaguialuzon.com\/wp-content\/uploads\/2024\/06\/onboardin-empresa.jpg 700w, https:\/\/delaguialuzon.com\/wp-content\/uploads\/2024\/06\/onboardin-empresa-300x127.jpg 300w\" sizes=\"(max-width: 700px) 100vw, 700px\" \/>\t\t\t\t\t\t\t\t\t\t\t\t\t\t\t<\/div>\n\t\t\t\t<\/div>\n\t\t\t\t<\/div>\n\t\t\t\t\t<\/div>\n\t\t\t\t<\/div>\n\t\t<div class=\"elementor-element elementor-element-b39ce44 elementor-hidden-desktop elementor-hidden-tablet elementor-hidden-mobile e-con-full e-flex e-con e-child\" data-id=\"b39ce44\" data-element_type=\"container\" data-e-type=\"container\">\n\t\t<div class=\"elementor-element elementor-element-da95436 e-con-full e-flex e-con e-child\" data-id=\"da95436\" data-element_type=\"container\" data-e-type=\"container\">\n\t\t\t\t<div class=\"elementor-element elementor-element-2aad508 elementor-widget elementor-widget-heading\" data-id=\"2aad508\" data-element_type=\"widget\" data-e-type=\"widget\" data-widget_type=\"heading.default\">\n\t\t\t\t<div class=\"elementor-widget-container\">\n\t\t\t\t\t<h2 class=\"elementor-heading-title elementor-size-default\">Otros servicios<\/h2>\t\t\t\t<\/div>\n\t\t\t\t<\/div>\n\t\t\t\t<div class=\"elementor-element elementor-element-073679e elementor-widget elementor-widget-text-editor\" data-id=\"073679e\" data-element_type=\"widget\" data-e-type=\"widget\" data-widget_type=\"text-editor.default\">\n\t\t\t\t<div class=\"elementor-widget-container\">\n\t\t\t\t\t\t\t\t\t<ul><li>Tramitaci\u00f3n y presentaci\u00f3n ante Direcci\u00f3n Territorial de Econom\u00eda Sostenible, Sectores Productivos, Comercio y Trabajo de la apertura del trabajo.<\/li><\/ul>\t\t\t\t\t\t\t\t<\/div>\n\t\t\t\t<\/div>\n\t\t\t\t<\/div>\n\t\t\t\t<\/div>\n\t\t\t\t<\/div>\n\t\t\t\t<\/div>\n\t\t\t\t<\/div>\n\t\t","protected":false},"excerpt":{"rendered":"<p>En Delagu\u00eda&amp;Luz\u00f3n\u00a0ofrecemos una amplia gama de servicios de consultor\u00eda de recursos humanos, dise\u00f1ados para mejorar los procesos internos y aumentar la productividad de su empresa.\u00a0 A trav\u00e9s de un enfoque personalizado, abordamos las necesidades espec\u00edficas de cada empresa para garantizar el \u00e9xito en la gesti\u00f3n del talento y el desarrollo profesional de su equipo. S\u00e9lection [&hellip;]<\/p>\n","protected":false},"author":2,"featured_media":9281,"parent":0,"menu_order":0,"comment_status":"closed","ping_status":"closed","template":"elementor_header_footer","meta":{"_mbp_gutenberg_autopost":false,"_joinchat":[],"footnotes":""},"class_list":["post-6361","page","type-page","status-publish","has-post-thumbnail","hentry"],"_links":{"self":[{"href":"https:\/\/delaguialuzon.com\/fr\/wp-json\/wp\/v2\/pages\/6361","targetHints":{"allow":["GET"]}}],"collection":[{"href":"https:\/\/delaguialuzon.com\/fr\/wp-json\/wp\/v2\/pages"}],"about":[{"href":"https:\/\/delaguialuzon.com\/fr\/wp-json\/wp\/v2\/types\/page"}],"author":[{"embeddable":true,"href":"https:\/\/delaguialuzon.com\/fr\/wp-json\/wp\/v2\/users\/2"}],"replies":[{"embeddable":true,"href":"https:\/\/delaguialuzon.com\/fr\/wp-json\/wp\/v2\/comments?post=6361"}],"version-history":[{"count":21,"href":"https:\/\/delaguialuzon.com\/fr\/wp-json\/wp\/v2\/pages\/6361\/revisions"}],"predecessor-version":[{"id":24606,"href":"https:\/\/delaguialuzon.com\/fr\/wp-json\/wp\/v2\/pages\/6361\/revisions\/24606"}],"wp:featuredmedia":[{"embeddable":true,"href":"https:\/\/delaguialuzon.com\/fr\/wp-json\/wp\/v2\/media\/9281"}],"wp:attachment":[{"href":"https:\/\/delaguialuzon.com\/fr\/wp-json\/wp\/v2\/media?parent=6361"}],"curies":[{"name":"wp","href":"https:\/\/api.w.org\/{rel}","templated":true}]}}