{"id":9859,"date":"2024-10-25T15:40:35","date_gmt":"2024-10-25T13:40:35","guid":{"rendered":"https:\/\/delaguialuzon.com\/encuentro-con-fernando-savater\/"},"modified":"2025-10-07T11:24:59","modified_gmt":"2025-10-07T09:24:59","slug":"rencontre-fernando-savater","status":"publish","type":"page","link":"https:\/\/delaguialuzon.com\/fr\/rencontre-fernando-savater\/","title":{"rendered":"Rencontre avec Fernando Savater"},"content":{"rendered":"\t\t<div data-elementor-type=\"wp-page\" data-elementor-id=\"9859\" class=\"elementor elementor-9859 elementor-9817\" data-elementor-post-type=\"page\">\n\t\t\t\t<div class=\"elementor-element elementor-element-6a867b7 e-flex e-con-boxed e-con e-parent\" data-id=\"6a867b7\" data-element_type=\"container\" data-e-type=\"container\" data-settings=\"{&quot;background_background&quot;:&quot;classic&quot;}\">\n\t\t\t\t\t<div class=\"e-con-inner\">\n\t\t\t\t<div class=\"elementor-element elementor-element-47d660a elementor-widget elementor-widget-heading\" data-id=\"47d660a\" data-element_type=\"widget\" data-e-type=\"widget\" data-widget_type=\"heading.default\">\n\t\t\t\t<div class=\"elementor-widget-container\">\n\t\t\t\t\t<h1 class=\"elementor-heading-title elementor-size-default\">Rencontre avec Fernando Savater<\/h1>\t\t\t\t<\/div>\n\t\t\t\t<\/div>\n\t\t\t\t\t<\/div>\n\t\t\t\t<\/div>\n\t\t<div class=\"elementor-element elementor-element-721da82 e-con-full e-flex e-con e-parent\" data-id=\"721da82\" data-element_type=\"container\" data-e-type=\"container\">\n\t\t<div class=\"elementor-element elementor-element-807e8ae e-con-full e-flex e-con e-child\" data-id=\"807e8ae\" data-element_type=\"container\" data-e-type=\"container\">\n\t\t\t\t<div class=\"elementor-element elementor-element-dee023a elementor-widget elementor-widget-text-editor\" data-id=\"dee023a\" data-element_type=\"widget\" data-e-type=\"widget\" data-widget_type=\"text-editor.default\">\n\t\t\t\t<div class=\"elementor-widget-container\">\n\t\t\t\t\t\t\t\t\t<p><span style=\"font-family: var( --e-global-typography-primary-font-family ), Sans-serif; font-size: 1.75rem; font-weight: var( --e-global-typography-primary-font-weight ); text-align: var(--text-align);\">Romance intellectuelle avec la France :<br \/>une rencontre avec Fernando Savater<\/span><\/p>\t\t\t\t\t\t\t\t<\/div>\n\t\t\t\t<\/div>\n\t\t\t\t<div class=\"elementor-element elementor-element-3b485fc elementor-widget elementor-widget-text-editor\" data-id=\"3b485fc\" data-element_type=\"widget\" data-e-type=\"widget\" data-widget_type=\"text-editor.default\">\n\t\t\t\t<div class=\"elementor-widget-container\">\n\t\t\t\t\t\t\t\t\t<p>Rencontre exceptionnelle avec <b>Fernando Savater<\/b>, le plus fran\u00e7ais des philosophes et \u00e9crivains espagnols.<\/p><p><b>Fernando Savater<\/b>, comme notre \u00e9quipe d&rsquo;avocats franco-espagnole, est tr\u00e8s attach\u00e9 \u00e0 la France et \u00e0 sa culture.<\/p><p>Nous avons le plaisir de vous convier \u00e0 un rare moment de culture puis de convivialit\u00e9, en pr\u00e9sence du grand philosophe et \u00e9crivain, ce lundi 12 mai 2025<b>\u00a0\u00e0 Valencia<\/b>.<\/p><p>Cette rencontre exceptionnelle est organis\u00e9e avec l&rsquo;association valencienne La Base Culture &#8211; Maison des francophonies. Elle sera mod\u00e9r\u00e9e en espagnol par son pr\u00e9sident, le journaliste Paul Pierroux-Taranto.<\/p><p><b>Informations pratiques :<\/b><\/p><ul><li>Date : lundi 12 mai 2025, 18:00 h<\/li><li>Lieu : Centre Cultural la Nau<\/li><li>\u00c9v\u00e9nement en espagnol<\/li><li>Gratuit<\/li><\/ul><div>\u00a0<\/div><p><b>Organisation :\u00a0<\/b><\/p><ul><li>La Base Culture &#8211; Maison des francophonies<\/li><li>Parrainage : Delagu\u00eda&amp;Luz\u00f3n, cabinet d\u2019avocats franco-espagnols<\/li><li>Mod\u00e9rateur : Paul Pierroux-Taranto, journaliste et pr\u00e9sident de La Base Culture<\/li><\/ul>\t\t\t\t\t\t\t\t<\/div>\n\t\t\t\t<\/div>\n\t\t\t\t<\/div>\n\t\t<div class=\"elementor-element elementor-element-8c3232e e-con-full e-flex e-con e-child\" data-id=\"8c3232e\" data-element_type=\"container\" data-e-type=\"container\">\n\t\t\t\t<div class=\"elementor-element elementor-element-7411402 elementor-widget elementor-widget-image\" data-id=\"7411402\" data-element_type=\"widget\" data-e-type=\"widget\" data-widget_type=\"image.default\">\n\t\t\t\t<div class=\"elementor-widget-container\">\n\t\t\t\t\t\t\t\t\t\t\t\t\t\t\t<img fetchpriority=\"high\" decoding=\"async\" width=\"800\" height=\"1000\" src=\"https:\/\/delaguialuzon.com\/wp-content\/uploads\/2025\/05\/Flyer-Fernando-Savater_2025-5-819x1024.jpg\" class=\"attachment-large size-large wp-image-15101\" alt=\"\" srcset=\"https:\/\/delaguialuzon.com\/wp-content\/uploads\/2025\/05\/Flyer-Fernando-Savater_2025-5-819x1024.jpg 819w, https:\/\/delaguialuzon.com\/wp-content\/uploads\/2025\/05\/Flyer-Fernando-Savater_2025-5-240x300.jpg 240w, https:\/\/delaguialuzon.com\/wp-content\/uploads\/2025\/05\/Flyer-Fernando-Savater_2025-5-768x960.jpg 768w, https:\/\/delaguialuzon.com\/wp-content\/uploads\/2025\/05\/Flyer-Fernando-Savater_2025-5.jpg 1080w\" sizes=\"(max-width: 800px) 100vw, 800px\">\t\t\t\t\t\t\t\t\t\t\t\t\t\t\t<\/div>\n\t\t\t\t<\/div>\n\t\t\t\t<\/div>\n\t\t\t\t<\/div>\n\t\t\t\t<\/div>\n\t\t","protected":false},"excerpt":{"rendered":"<p>Despacho de abogados especializado en derecho laboral y tributario. Ofrecemos un servicio cercano, \u00e1gil y de alta calidad en espa\u00f1ol, franc\u00e9s, ruso e ingl\u00e9s.<\/p>\n","protected":false},"author":2,"featured_media":9341,"parent":0,"menu_order":0,"comment_status":"closed","ping_status":"closed","template":"elementor_header_footer","meta":{"_mbp_gutenberg_autopost":false,"_joinchat":[],"footnotes":""},"class_list":["post-9859","page","type-page","status-publish","has-post-thumbnail","hentry"],"_links":{"self":[{"href":"https:\/\/delaguialuzon.com\/fr\/wp-json\/wp\/v2\/pages\/9859","targetHints":{"allow":["GET"]}}],"collection":[{"href":"https:\/\/delaguialuzon.com\/fr\/wp-json\/wp\/v2\/pages"}],"about":[{"href":"https:\/\/delaguialuzon.com\/fr\/wp-json\/wp\/v2\/types\/page"}],"author":[{"embeddable":true,"href":"https:\/\/delaguialuzon.com\/fr\/wp-json\/wp\/v2\/users\/2"}],"replies":[{"embeddable":true,"href":"https:\/\/delaguialuzon.com\/fr\/wp-json\/wp\/v2\/comments?post=9859"}],"version-history":[{"count":31,"href":"https:\/\/delaguialuzon.com\/fr\/wp-json\/wp\/v2\/pages\/9859\/revisions"}],"predecessor-version":[{"id":17946,"href":"https:\/\/delaguialuzon.com\/fr\/wp-json\/wp\/v2\/pages\/9859\/revisions\/17946"}],"wp:featuredmedia":[{"embeddable":true,"href":"https:\/\/delaguialuzon.com\/fr\/wp-json\/wp\/v2\/media\/9341"}],"wp:attachment":[{"href":"https:\/\/delaguialuzon.com\/fr\/wp-json\/wp\/v2\/media?parent=9859"}],"curies":[{"name":"wp","href":"https:\/\/api.w.org\/{rel}","templated":true}]}}