{"id":6583,"date":"2024-02-21T13:35:03","date_gmt":"2024-02-21T12:35:03","guid":{"rendered":"https:\/\/delaguialuzon.com\/politica-privacidad\/"},"modified":"2025-01-13T14:23:07","modified_gmt":"2025-01-13T13:23:07","slug":"politica-privacidad","status":"publish","type":"page","link":"https:\/\/delaguialuzon.com\/ru\/politica-privacidad\/","title":{"rendered":"Pol\u00edtica de privacidad"},"content":{"rendered":"\t\t<div data-elementor-type=\"wp-page\" data-elementor-id=\"6583\" class=\"elementor elementor-6583 elementor-3\" data-elementor-post-type=\"page\">\n\t\t\t\t<div class=\"elementor-element elementor-element-69e8b7b6 e-flex e-con-boxed e-con e-parent\" data-id=\"69e8b7b6\" data-element_type=\"container\" data-e-type=\"container\" data-settings=\"{&quot;background_background&quot;:&quot;classic&quot;}\">\n\t\t\t\t\t<div class=\"e-con-inner\">\n\t\t\t\t<div class=\"elementor-element elementor-element-629c99f elementor-widget elementor-widget-heading\" data-id=\"629c99f\" data-element_type=\"widget\" data-e-type=\"widget\" data-widget_type=\"heading.default\">\n\t\t\t\t<div class=\"elementor-widget-container\">\n\t\t\t\t\t<h1 class=\"elementor-heading-title elementor-size-default\">Pol\u00edtica de privacidad<\/h1>\t\t\t\t<\/div>\n\t\t\t\t<\/div>\n\t\t\t\t\t<\/div>\n\t\t\t\t<\/div>\n\t\t<div class=\"elementor-element elementor-element-03726cc e-flex e-con-boxed e-con e-parent\" data-id=\"03726cc\" data-element_type=\"container\" data-e-type=\"container\">\n\t\t\t\t\t<div class=\"e-con-inner\">\n\t\t\t\t<div class=\"elementor-element elementor-element-2b3b4ec elementor-widget elementor-widget-text-editor\" data-id=\"2b3b4ec\" data-element_type=\"widget\" data-e-type=\"widget\" data-widget_type=\"text-editor.default\">\n\t\t\t\t<div class=\"elementor-widget-container\">\n\t\t\t\t\t\t\t\t\t<h2 class=\"page-title\">Pol\u00edtica de privacidad<\/h2>\n<p>En DELAGUIA-LUZ\u00d3N ABOGADOS Y ASESORES TRIBUTARIOS, S.L.P. nos preocupamos por la privacidad y la transparencia.<\/p>\n<p>A continuaci\u00f3n, le indicamos en detalle los tratamientos de datos personales que realizamos, as\u00ed como toda la informaci\u00f3n relativa a los mismos.<\/p>\n<p><strong>Tratamiento de los datos de clientes<\/strong><\/p>\n<figure class=\"wp-block-table\">\n<table>\n<tbody>\n<tr>\n<td><strong>Informaci\u00f3n b\u00e1sica sobre Protecci\u00f3n de datos<\/strong><\/td>\n<\/tr>\n<tr>\n<td><strong>Responsable:<\/strong><\/td>\n<td>DELAGUIA-LUZ\u00d3N ABOGADOS Y ASESORES TRIBUTARIOS, S.L.P.<\/td>\n<\/tr>\n<tr>\n<td><strong>Finalidad:<\/strong><\/td>\n<td>Prestar los servicios solicitados y enviar comunicaciones comerciales.<\/td>\n<\/tr>\n<tr>\n<td><strong>Legitimaci\u00f3n:<\/strong><\/td>\n<td>Ejecuci\u00f3n de un contrato.<br>Inter\u00e9s leg\u00edtimo del Responsable.<\/td>\n<\/tr>\n<tr>\n<td><strong>Destinatarios:<\/strong><\/td>\n<td>Est\u00e1n previstas cesiones de datos a: Administraci\u00f3n Tributaria; Consultora de protecci\u00f3n de datos; Entidades financieras.<\/td>\n<\/tr>\n<tr>\n<td><strong>Derechos:<\/strong><\/td>\n<td>Tiene derecho a acceder, rectificar y suprimir los datos, as\u00ed como otros derechos, indicados en la informaci\u00f3n adicional, que puede ejercer dirigi\u00e9ndose a admin@delaguialuzon.com o AVD. REINO DE VALENCIA, 6 PTA 2 46005-VALENCIA.<\/td>\n<\/tr>\n<tr>\n<td><strong>Procedencia:<\/strong><\/td>\n<td>El propio interesado.<\/td>\n<\/tr>\n<\/tbody>\n<\/table>\n<\/figure>\n<p><strong>Informaci\u00f3n completa sobre Protecci\u00f3n de Datos<br><\/strong><\/p>\n<p><strong>1. \u00bfQui\u00e9n es el responsable del tratamiento de sus datos?<\/strong><\/p>\n<p>DELAGUIA-LUZ\u00d3N ABOGADOS Y ASESORES TRIBUTARIOS, S.L.P.<\/p>\n<p>B98721947.AVD. REINO DE VALENCIA, 6 PTA 2 \u2013 46005 \u2013 VALENCIA 963523291\/\/963741657. admin@delaguialuzon.com.<\/p>\n<p><strong>2. \u00bfCon qu\u00e9 finalidad tratamos sus datos personales?<\/strong><\/p>\n<p>En DELAGUIA-LUZ\u00d3N ABOGADOS Y ASESORES TRIBUTARIOS, S.L.P. tratamos la informaci\u00f3n que nos facilitan las personas interesadas con el fin de realizar la gesti\u00f3n administrativa, contable y fiscal de los servicios solicitados, as\u00ed como enviar comunicaciones comerciales sobre nuestros productos y servicios. En el caso de que no facilite sus datos personales, no podremos cumplir con las funcionalidades descritas anteriormente.<\/p>\n<p>No se van a tomar decisiones automatizadas en base a los datos proporcionados.<\/p>\n<p><strong>3. \u00bfPor cu\u00e1nto tiempo conservaremos sus datos?<\/strong><\/p>\n<p>Los datos se conservar\u00e1n mientras el interesado no solicite su supresi\u00f3n, y en su caso, durante los a\u00f1os necesarios para cumplir con las obligaciones legales.<\/p>\n<p><strong>4. \u00bfCu\u00e1l es la legitimaci\u00f3n para el tratamiento de sus datos?<\/strong><\/p>\n<p>Le indicamos la base legal para el tratamiento de sus datos:<\/p>\n<ul>\n<li>Ejecuci\u00f3n de un contrato: Gesti\u00f3n fiscal, contable y administrativa de clientes. (RGPD art. 6.1.b).<\/li>\n<\/ul>\n<ul>\n<li>Inter\u00e9s leg\u00edtimo del Responsable: Env\u00edo de comunicaciones comerciales incluso por v\u00eda electr\u00f3nica. (RGPD Considerando 47, LSSICE art. 21.2).<\/li>\n<\/ul>\n<p><strong>5. \u00bfA qu\u00e9 destinatarios se comunicar\u00e1n sus datos?<\/strong><\/p>\n<p>Los datos se comunicar\u00e1n a los siguientes destinatarios:<\/p>\n<ul>\n<li>Administraci\u00f3n Tributaria, con la finalidad de cumplir con las obligaciones legales (requisito legal).<\/li>\n<\/ul>\n<ul>\n<li>Consultora de protecci\u00f3n de datos, con la finalidad de gesti\u00f3n de la protecci\u00f3n de datos.<\/li>\n<\/ul>\n<ul>\n<li>Entidades financieras, con la finalidad de girar los recibos correspondientes (requisito contractual).<\/li>\n<\/ul>\n<p><strong>6. Transferencias de datos a terceros pa\u00edses<\/strong><\/p>\n<p>No est\u00e1n previstas transferencias de datos a terceros pa\u00edses.<\/p>\n<p><strong>7. \u00bfCu\u00e1les son sus derechos cuando nos facilita sus datos?<\/strong><\/p>\n<p>Cualquier persona tiene derecho a obtener confirmaci\u00f3n sobre si en DELAGUIA- LUZ\u00d3N ABOGADOS Y ASESORES TRIBUTARIOS, S.L.P. estamos tratando, o no, datos personales que les conciernan.<\/p>\n<p>Las personas interesadas tienen derecho a acceder a sus datos personales, as\u00ed como a solicitar la rectificaci\u00f3n de los datos inexactos o, en su caso, solicitar su supresi\u00f3n cuando, entre otros motivos, los datos ya no sean necesarios para los fines que fueron recogidos. Igualmente tiene derecho a la portabilidad de sus datos.<\/p>\n<p>En determinadas circunstancias, los interesados podr\u00e1n solicitar la limitaci\u00f3n del tratamiento de sus datos, en cuyo caso \u00fanicamente los conservaremos para el ejercicio o la defensa de reclamaciones.<\/p>\n<p>En determinadas circunstancias y por motivos relacionados con su situaci\u00f3n particular, los interesados podr\u00e1n oponerse al tratamiento de sus datos. En este caso, DELAGUIA- LUZ\u00d3N ABOGADOS Y ASESORES TRIBUTARIOS, S.L.P. dejar\u00e1 de tratar los datos, salvo por motivos leg\u00edtimos imperiosos, o el ejercicio o la defensa de posibles reclamaciones.<\/p>\n<p>Podr\u00e1 ejercitar materialmente sus derechos de la siguiente forma: dirigi\u00e9ndose a admin@delaguialuzon.com o AVD. REINO DE VALENCIA, 6 PTA 2 46005- VALENCIA.<\/p>\n<p>Cuando se realice el env\u00edo de comunicaciones comerciales utilizando como base jur\u00eddica el inter\u00e9s leg\u00edtimo del responsable, el interesado podr\u00e1 oponerse al tratamiento de sus datos con ese fin.<\/p>\n<p>Si ha otorgado su consentimiento para alguna finalidad concreta, tiene derecho a retirar el consentimiento otorgado en cualquier momento, sin que ello afecte a la licitud del tratamiento basado en el consentimiento previo a su retirada.<\/p>\n<p>En caso de que sienta vulnerados sus derechos en lo concerniente a la protecci\u00f3n de sus datos personales, especialmente cuando no haya obtenido satisfacci\u00f3n en el ejercicio de sus derechos, puede presentar una reclamaci\u00f3n ante la Autoridad de Control en materia de Protecci\u00f3n de Datos competente a trav\u00e9s de su sitio web: www.aepd.es.<\/p>\n<p><strong>8. \u00bfC\u00f3mo hemos obtenido sus datos?<\/strong><\/p>\n<p>Los datos personales que tratamos en DELAGUIA-LUZ\u00d3N ABOGADOS Y ASESORES TRIBUTARIOS, S.L.P. proceden de: El propio interesado.<\/p>\n<p>Las categor\u00edas de datos que se tratan son:<\/p>\n<ul>\n<li>Datos identificativos.<\/li>\n<li>Direcciones postales y electr\u00f3nicas.<\/li>\n<li>Informaci\u00f3n comercial.<\/li>\n<\/ul>\n<p> <\/p>\n<p><strong>Tratamiento de los datos de potenciales clientes y contactos<\/strong><\/p>\n<figure class=\"wp-block-table\">\n<table>\n<tbody>\n<tr>\n<td><strong>Informaci\u00f3n b\u00e1sica sobre Protecci\u00f3n de datos<\/strong><\/td>\n<\/tr>\n<tr>\n<td><strong>Responsable:<\/strong><\/td>\n<td>DELAGUIA-LUZ\u00d3N ABOGADOS Y ASESORES TRIBUTARIOS, S.L.P.<\/td>\n<\/tr>\n<tr>\n<td><strong>Finalidad:<\/strong><\/td>\n<td>Atender su solicitud y enviarle comunicaciones comerciales<\/td>\n<\/tr>\n<tr>\n<td><strong>Legitimaci\u00f3n:<\/strong><\/td>\n<td>Ejecuci\u00f3n de un contrato. Consentimiento del interesado. Inter\u00e9s leg\u00edtimo del Responsable.<\/td>\n<\/tr>\n<tr>\n<td><strong>Destinatarios:<\/strong><\/td>\n<td>Est\u00e1n previstas cesiones de datos a: Consultora de protecci\u00f3n de datos; Proveedores web.<\/td>\n<\/tr>\n<tr>\n<td><strong>Derechos:<\/strong><\/td>\n<td>Tiene derecho a acceder, rectificar y suprimir los datos, as\u00ed como otros derechos, indicados en la informaci\u00f3n adicional, que puede ejercer dirigi\u00e9ndose a admin@delaguiluzon.com o AVD. REINO DE VALENCIA, 6 PTA 2 46005-VALENCIA.<\/td>\n<\/tr>\n<tr>\n<td><strong>Procedencia:<\/strong><\/td>\n<td>El propio interesado.<\/td>\n<\/tr>\n<\/tbody>\n<\/table>\n<\/figure>\t\t\t\t\t\t\t\t<\/div>\n\t\t\t\t<\/div>\n\t\t\t\t\t<\/div>\n\t\t\t\t<\/div>\n\t\t\t\t<\/div>\n\t\t","protected":false},"excerpt":{"rendered":"<p>Pol\u00edtica de privacidad En DELAGUIA-LUZ\u00d3N ABOGADOS Y ASESORES TRIBUTARIOS, S.L.P. nos preocupamos por la privacidad y la transparencia. A continuaci\u00f3n, le indicamos en detalle los tratamientos de datos personales que realizamos, as\u00ed como toda la informaci\u00f3n relativa a los mismos. Tratamiento de los datos de clientes Informaci\u00f3n b\u00e1sica sobre Protecci\u00f3n de datos Responsable: DELAGUIA-LUZ\u00d3N ABOGADOS [&hellip;]<\/p>\n","protected":false},"author":2,"featured_media":0,"parent":0,"menu_order":0,"comment_status":"closed","ping_status":"open","template":"elementor_header_footer","meta":{"_mbp_gutenberg_autopost":false,"_joinchat":[],"footnotes":""},"class_list":["post-6583","page","type-page","status-publish","hentry"],"_links":{"self":[{"href":"https:\/\/delaguialuzon.com\/ru\/wp-json\/wp\/v2\/pages\/6583","targetHints":{"allow":["GET"]}}],"collection":[{"href":"https:\/\/delaguialuzon.com\/ru\/wp-json\/wp\/v2\/pages"}],"about":[{"href":"https:\/\/delaguialuzon.com\/ru\/wp-json\/wp\/v2\/types\/page"}],"author":[{"embeddable":true,"href":"https:\/\/delaguialuzon.com\/ru\/wp-json\/wp\/v2\/users\/2"}],"replies":[{"embeddable":true,"href":"https:\/\/delaguialuzon.com\/ru\/wp-json\/wp\/v2\/comments?post=6583"}],"version-history":[{"count":7,"href":"https:\/\/delaguialuzon.com\/ru\/wp-json\/wp\/v2\/pages\/6583\/revisions"}],"predecessor-version":[{"id":12411,"href":"https:\/\/delaguialuzon.com\/ru\/wp-json\/wp\/v2\/pages\/6583\/revisions\/12411"}],"wp:attachment":[{"href":"https:\/\/delaguialuzon.com\/ru\/wp-json\/wp\/v2\/media?parent=6583"}],"curies":[{"name":"wp","href":"https:\/\/api.w.org\/{rel}","templated":true}]}}